{"id":18,"date":"2024-07-28T18:55:10","date_gmt":"2024-07-28T18:55:10","guid":{"rendered":"https:\/\/betmines.org\/?page_id=18"},"modified":"2024-12-09T21:31:48","modified_gmt":"2024-12-09T21:31:48","slug":"soccervital-free-football-predictions-and-tips","status":"publish","type":"page","link":"https:\/\/betmines.org\/de\/","title":{"rendered":"BetMines: Kostenlose Fu\u00dfballvorhersagen"},"content":{"rendered":"<!-- Container for the iframe and loader -->\n    <div id=\"iframe-container\" style=\"position: relative; width: 100%;\">\n\n        <!-- Loading Bar -->\n        <div id=\"loader\" style=\"position: absolute; top: 0; left: 0; width: 100%; height: 100%; background-color: rgba(255, 255, 255, 0.9); display: flex; justify-content: center; align-items: center; flex-direction: column;\">\n            <div id=\"loader-bar\" style=\"width: 80%; height: 20px; background-color: #e0e0e0; border-radius: 10px; overflow: hidden; margin-bottom: 10px;\">\n                <div id=\"loader-progress\" style=\"width: 0%; height: 100%; background-color: #007bff;\"><\/div>\n            <\/div>\n            <p id=\"loader-text\" style=\"font-size: 16px; color: #333;\">Spiele laden... <span id=\"countdown\">5<\/span> sec<\/p>\n        <\/div>\n\n        <!-- iFrame with the table -->\n        <iframe loading=\"lazy\" id=\"football-predictions-iframe\" src=\"https:\/\/soccervital.org\/full\/\" width=\"100%\" height=\"800\" frameborder=\"0\" scrolling=\"no\"><\/iframe>\n    <\/div>\n\n    <script>\n    \/\/ Function for the loader\n    document.addEventListener('DOMContentLoaded', function() {\n        var iframe = document.getElementById('football-predictions-iframe');\n        var loader = document.getElementById('loader');\n        var countdownElement = document.getElementById('countdown');\n        var loaderProgress = document.getElementById('loader-progress');\n        var countdown = 5; \/\/ Number of seconds for the countdown\n        var progress = 0; \/\/ Progress percentage\n\n        \/\/ Countdown timer\n        var countdownInterval = setInterval(function() {\n            countdown--;\n            progress += 20; \/\/ Since we have 5 seconds, we increase by 20% each second\n            countdownElement.textContent = countdown;\n            loaderProgress.style.width = progress + '%';\n\n            if (countdown <= 0) {\n                clearInterval(countdownInterval);\n            }\n        }, 1000);\n\n        \/\/ Function to hide the loader\n        function hideLoader() {\n            if (loader) {\n                loader.style.display = 'none';\n            }\n            clearInterval(countdownInterval);\n        }\n\n        \/\/ Hide the loader when the iframe is loaded\n        iframe.onload = function() {\n            hideLoader();\n        };\n\n        \/\/ Hide the loader after 5 seconds, if the iframe hasn't loaded yet\n        setTimeout(function() {\n            hideLoader();\n        }, 5000);\n    });\n    <\/script>\n    \n\n\n\n<h2 class=\"wp-block-heading\" id=\"h-advantages-of-sports-forecasts-from-betmines\">Vorteile der Sportprognosen von BetMines<\/h2>\n\n\n\n<p>Sportvorhersagen f\u00fcr heute zu finden, ist kein Problem. Journalisten, Sportler und Trainer, Schauspieler und Stars aus dem Showbusiness teilen ihre Sicht der kommenden Spiele. Solche Experten werden aktiv von Buchmachern und thematischen Websites, die \u00fcber Wetten sprechen, eingeladen. Ihre Meinung ist interessant zu h\u00f6ren, vor allem wenn sie von Fu\u00dfball- und Basketballspielern mit gro\u00dfer Erfahrung ge\u00e4u\u00dfert wird, aber wir d\u00fcrfen nicht vergessen, dass es sich f\u00fcr die meisten Medienanalysten nur um Unterhaltung handelt. Oft bewerten sie die Aufstellungen recht oberfl\u00e4chlich, was auch ihr gutes Recht ist, denn niemand gibt irgendjemandem Garantien.<\/p>\n\n\n\n<blockquote class=\"wp-block-quote is-layout-flow wp-block-quote-is-layout-flow\">\n<p>Wenn Sie an kostenlosen, sehr genauen Sportprognosen interessiert sind, sollten Sie besser auf die Vorhersagen professioneller Analysten achten. Das hei\u00dft, Menschen, die sich nicht nur in der Welt des Sports, sondern auch in den Besonderheiten der Buchmacherwetten bestens auskennen.<\/p>\n<\/blockquote>\n\n\n\n<p>Die Meinungen solcher Experten finden Sie immer auf <strong>BetMines<\/strong>. Die Vorteile der professionellen Bewertungen, die wir anbieten:<\/p>\n\n\n\n<ul class=\"wp-block-list\">\n<li>eine umfassende Analyse, bei der alle wichtigen Faktoren ber\u00fccksichtigt werden;<\/li>\n\n\n\n<li>eine ausf\u00fchrliche Erl\u00e4uterung der Wahl eines bestimmten Tarifs;<\/li>\n\n\n\n<li>hoher Prozentsatz an Vermutungen (die Statistiken der einzelnen Analysten sind offen);<\/li>\n\n\n\n<li>Freier Zugang f\u00fcr alle.<\/li>\n<\/ul>\n\n\n\n<p>Viele Neulinge, die sich gerade erst mit der Welt der Buchmacherwetten vertraut machen, tr\u00e4umen davon, mit Sportprognosen von Profis st\u00e4ndig zu gewinnen. Sie sind bereit, daf\u00fcr zu bezahlen, zum Gl\u00fcck gibt es im Internet gen\u00fcgend solcher Angebote. Leider sind wir gezwungen, den Mythos zu zerst\u00f6ren, dass man sich beim Buchmacher f\u00fcr Geld ein stabiles Einkommen erkaufen kann. Wenn das Problem so einfach zu l\u00f6sen w\u00e4re, m\u00fcssten die Buchmacher auf ein anderes Gesch\u00e4ft umsteigen.<\/p>\n\n\n\n<p>Ja, es gibt bezahlte Prognostiker (Capper) mit sehr guten Statistiken. Aber die Dienste wirklich guter Tipper sind teuer. Gleichzeitig gibt es keine Garantie f\u00fcr das Ergebnis. Tipper sind Menschen, keine Orakel. Sie machen von Zeit zu Zeit Fehler, und jeder ihrer Kunden kann ein Opfer dieser Umst\u00e4nde werden. Im Allgemeinen muss man f\u00fcr Dienstleistungen bezahlen, die ohne zus\u00e4tzliche Bedingungen und ohne das Risiko, auf Betr\u00fcger zu sto\u00dfen, angeboten werden.<\/p>\n\n\n\n<figure class=\"wp-block-image size-full\"><img loading=\"lazy\" decoding=\"async\" width=\"370\" height=\"230\" src=\"https:\/\/betmines.org\/wp-content\/uploads\/2024\/12\/image.png\" alt=\"\" class=\"wp-image-147\" srcset=\"https:\/\/betmines.org\/wp-content\/uploads\/2024\/12\/image.png 370w, https:\/\/betmines.org\/wp-content\/uploads\/2024\/12\/image-300x186.png 300w, https:\/\/betmines.org\/wp-content\/uploads\/2024\/12\/image-18x12.png 18w, https:\/\/betmines.org\/wp-content\/uploads\/2024\/12\/image-64x40.png 64w, https:\/\/betmines.org\/wp-content\/uploads\/2024\/12\/image-51x32.png 51w, https:\/\/betmines.org\/wp-content\/uploads\/2024\/12\/image-113x70.png 113w, https:\/\/betmines.org\/wp-content\/uploads\/2024\/12\/image-129x80.png 129w, https:\/\/betmines.org\/wp-content\/uploads\/2024\/12\/image-217x135.png 217w\" sizes=\"auto, (max-width: 370px) 100vw, 370px\" \/><\/figure>\n\n\n\n<h2 class=\"wp-block-heading\" id=\"h-what-needs-to-be-taken-into-account-for-successful-forecasting\">Was f\u00fcr eine erfolgreiche Vorhersage ber\u00fccksichtigt werden muss<\/h2>\n\n\n\n<p>Sehr erfolgreiche Sportprognosen werden unter Ber\u00fccksichtigung vieler Faktoren erstellt. Ein wissenschaftlicher Ansatz garantiert nicht, dass das Spiel genau so ausgeht, wie es die mathematische Wahrscheinlichkeit verspricht. Sportwettk\u00e4mpfe sind gerade wegen ihrer Unvorhersehbarkeit beliebt. Doch ein detailliertes Studium der Spielpl\u00e4ne und statistischen Daten vor dem Spiel erh\u00f6ht die Erfolgschancen deutlich, vor allem \u00fcber eine lange Distanz. Unsere Experten bei <strong>BetMines<\/strong> ber\u00fccksichtigen Sie immer die folgenden Punkte:<\/p>\n\n\n\n<ul class=\"wp-block-list\">\n<li><strong>Aktuelle Form der Gegner<\/strong>\u00a0. Es ist wichtig, in welcher physischen und mentalen Verfassung die Teams das Spiel angehen. Dies h\u00e4ngt weitgehend von ihrem Spielplan ab. J\u00fcngste Ergebnisse, Verletzungen, Konflikte, Trainerwechsel, langer Flug - all das kann das Ergebnis beeinflussen.<\/li>\n\n\n\n<li><strong>Geschichte der Konfrontationen<\/strong>\u00a0. Bei der Erstellung einer Sportprognose darf man die vergangenen Begegnungen der Mannschaften nicht au\u00dfer Acht lassen. Jeder Favorit hat Gegner, die f\u00fcr ihn unbequem sind, manchmal sogar deutlich schlechter als er selbst.<\/li>\n\n\n\n<li><strong>Motivation<\/strong>\u00a0. Wenn einer der Kontrahenten das Ergebnis wirklich braucht, w\u00e4hrend die Gegner keine besonderen Ziele mehr haben, kann die Motivation ein Schl\u00fcsselfaktor werden. Es ist jedoch zu bedenken, dass \u00fcberm\u00e4\u00dfiger Eifer nicht immer der Effektivit\u00e4t des Spiels zugute kommt, w\u00e4hrend Entspannung oft hilft, die besten Qualit\u00e4ten zu zeigen. Au\u00dferdem muss der prinzipielle Charakter der Rivalit\u00e4t ber\u00fccksichtigt werden.<\/li>\n\n\n\n<li><strong>Faktor Heimvorteil<\/strong>\u00a0. Es gibt Mannschaften, f\u00fcr die die Unterst\u00fctzung ihrer Heimtrib\u00fcne sehr viel bedeutet. Solche Vereine verlieren sehr selten zu Hause, aber man kann darauf spielen und den Moment erraten, in dem eine Sensation passieren wird.<\/li>\n<\/ul>\n\n\n\n<blockquote class=\"wp-block-quote is-layout-flow wp-block-quote-is-layout-flow\">\n<p>Sehr oft wird das Ergebnis durch die Fehler der Schiedsrichter bestimmt, daher lohnt es sich, die Geschichte der Beziehungen zwischen den Mannschaften und den Schiedsrichtern zu studieren. Beim Fu\u00dfball kann auch schlechtes Wetter eine Rolle spielen, das den Zustand des Spielfelds ernsthaft verschlechtern kann.<\/p>\n<\/blockquote>\n\n\n\n<h2 class=\"wp-block-heading\" id=\"h-how-often-do-we-post-forecasts\">Wie oft ver\u00f6ffentlichen wir Prognosen?<\/h2>\n\n\n\n<p>Wir ver\u00f6ffentlichen etwa alle 3-4 Tage neue Fu\u00dfballprognosen f\u00fcr heute und morgen auf <strong>BetMines<\/strong>. So lange dauert in der Regel die Saisonpause zwischen den Spielen der f\u00fchrenden nationalen Meisterschaften, Europapokale und Nationalmannschaftswettbewerbe. Das Hauptkriterium ist das Vorhandensein von interessanten Spielen. Je h\u00e4ufiger der Kalender diese Spiele ank\u00fcndigt, desto h\u00f6her ist auch die Zahl der Bewertungen durch unsere Prognostiker.<\/p>\n\n\n\n<p>In der Regel erscheinen die Beitr\u00e4ge 2-3 Tage vor dem Spiel, so dass jeder Zeit hat, sie zu lesen. Nat\u00fcrlich k\u00f6nnen in dieser Zeit Ereignisse eintreten, die das Ergebnis erheblich beeinflussen k\u00f6nnen. In solchen F\u00e4llen wird das Analysematerial bei Bedarf \u00fcberarbeitet.<\/p>\n\n\n\n<h2 class=\"wp-block-heading\" id=\"h-what-sports-do-we-offer\">Welche Sportarten bieten wir an?<\/h2>\n\n\n\n<p>Unsere Hauptspezialisierung ist die Fu\u00dfballvorhersage. Experten bei <strong>BetMines<\/strong> Achten Sie auf die beliebtesten Wettbewerbe in dieser Disziplin:<\/p>\n\n\n\n<ul class=\"wp-block-list\">\n<li>nationale Meisterschaften und Pokale;<\/li>\n\n\n\n<li>internationale Vereinsturniere - Champions League, Conference League, Europa League und andere;<\/li>\n\n\n\n<li>Turniere der Nationalmannschaften - Weltmeisterschaften, Europameisterschaften und Meisterschaften auf anderen Kontinenten.<\/li>\n<\/ul>\n\n\n\n<p>Wir bieten die interessantesten Fu\u00dfballspiele. Sie k\u00f6nnen auch aktuelle Basketball-Prognosen finden auf <strong>BetMines<\/strong>. Das Hauptaugenmerk liegt auf Veranstaltungen der NBA, der Euroleague und f\u00fchrenden nationalen Turnieren. Andere Arten sind noch nicht abgedeckt, aber wir arbeiten aktiv daran, dieses Manko in naher Zukunft zu beseitigen.<\/p>\n\n\n\n<h2 class=\"wp-block-heading\" id=\"h-how-to-best-use-tips-from-forecasters-in-betting\">Wie man Tipps von Prognostikern bei Wetten am besten nutzt<\/h2>\n\n\n\n<blockquote class=\"wp-block-quote is-layout-flow wp-block-quote-is-layout-flow\">\n<p>Keine Sportvorhersage garantiert 100% Gewinn, egal was manche Leute behaupten. Niemand kann maximale Genauigkeit garantieren.<\/p>\n<\/blockquote>\n\n\n\n<p>Der Prognostiker \u00e4u\u00dfert seine Meinung, der man zustimmen kann oder nicht. Wenn der Nutzer von <strong>BetMines<\/strong> die vorgeschlagene Wette abschlie\u00dft oder sie in den Express einbezieht, ist dies ausschlie\u00dflich seine Entscheidung.<\/p>\n\n\n\n<p>Die vorgeschlagene Sportprognose ist in erster Linie ein Leitfaden. Die Statistiken unserer Experten bei <strong>BetMines<\/strong> erlauben uns die Feststellung, dass der von ihnen angegebene Leitfaden in den meisten F\u00e4llen korrekt ist. Langfristig bedeutet dies einen konstant hohen Prozentsatz an Tipps, was eine Voraussetzung f\u00fcr die Rentabilit\u00e4t jeder Wettstrategie ist.<\/p>\n\n\n\n<h2 class=\"wp-block-heading\">FAQ<\/h2>\n\n\n\n<div class=\"schema-faq wp-block-yoast-faq-block\"><div class=\"schema-faq-section\" id=\"faq-question-1733779523025\"><strong class=\"schema-faq-question\">Wer kann von unseren Dienstleistungen profitieren?<\/strong> <p class=\"schema-faq-answer\">Die von unseren Prognostikern ver\u00f6ffentlichten Materialien k\u00f6nnen f\u00fcr jeden n\u00fctzlich sein, der in einem Buchmacherb\u00fcro spielt. Anf\u00e4nger sollten die professionellen Einsch\u00e4tzungen lesen. Erfahrene Wettende m\u00fcssen auch die Meinung eines anderen kennen, um sie mit ihrer eigenen vergleichen zu k\u00f6nnen.<\/p> <\/div> <div class=\"schema-faq-section\" id=\"faq-question-1733779530658\"><strong class=\"schema-faq-question\">Warum k\u00f6nnen Sie unseren Sportvorhersagen vertrauen?<\/strong> <p class=\"schema-faq-answer\">Die individuellen Tippstatistiken sprechen f\u00fcr das hohe Niveau unserer Experten. Es ist jedoch wichtig, sich daran zu erinnern, dass die Prognosen, die denjenigen angeboten werden, die Sportwetten abschlie\u00dfen, kein Leitfaden f\u00fcr das Handeln sind. Wer eine Wette abschlie\u00dft, riskiert Geld. Sie k\u00f6nnen aber sicher sein, dass der Analyst seine Arbeit ehrlich und effizient erledigt hat.<\/p> <\/div> <\/div>\n\n\n\n<h3 class=\"wp-block-heading\" id=\"h-\"><\/h3>","protected":false},"excerpt":{"rendered":"<p>Vorteile der Sportvorhersagen von BetMines Sportvorhersagen f\u00fcr heute zu finden ist kein Problem. Journalisten, Sportler und Trainer, Schauspieler und Stars aus dem Showbusiness teilen ihre Sicht der kommenden Spiele. Solche Experten werden aktiv von Buchmachern und thematischen Websites eingeladen, die \u00fcber Wetten sprechen. Ihre Meinung ist interessant zu h\u00f6ren, besonders wenn sie [...]<\/p>","protected":false},"author":1,"featured_media":0,"parent":0,"menu_order":0,"comment_status":"closed","ping_status":"closed","template":"page-without-title.php","meta":{"footnotes":""},"class_list":["post-18","page","type-page","status-publish","hentry"],"yoast_head":"<!-- This site is optimized with the Yoast SEO Premium plugin v22.2 (Yoast SEO v22.2) - https:\/\/yoast.com\/wordpress\/plugins\/seo\/ -->\n<title>BetMines: Free Football Predictions<\/title>\n<meta name=\"description\" content=\"A free sports forecast from BetMines is an opportunity to get an expert opinion on an upcoming football or basketball match. The betting option is usually accompanied by a short overview explaining the reasons for such a decision.\" \/>\n<meta name=\"robots\" content=\"index, follow, max-snippet:-1, max-image-preview:large, max-video-preview:-1\" \/>\n<link rel=\"canonical\" href=\"https:\/\/betmines.org\/de\/\" \/>\n<meta property=\"og:locale\" content=\"de_DE\" \/>\n<meta property=\"og:type\" content=\"article\" \/>\n<meta property=\"og:title\" content=\"BetMines: Free Football Predictions\" \/>\n<meta property=\"og:description\" content=\"A free sports forecast from BetMines is an opportunity to get an expert opinion on an upcoming football or basketball match. The betting option is usually accompanied by a short overview explaining the reasons for such a decision.\" \/>\n<meta property=\"og:url\" content=\"https:\/\/betmines.org\/de\/\" \/>\n<meta property=\"og:site_name\" content=\"BetMines: Free Football Predictions\" \/>\n<meta property=\"article:modified_time\" content=\"2024-12-09T21:31:48+00:00\" \/>\n<meta property=\"og:image\" content=\"https:\/\/betmines.org\/wp-content\/uploads\/2024\/12\/image.png\" \/>\n<meta name=\"twitter:card\" content=\"summary_large_image\" \/>\n<meta name=\"twitter:label1\" content=\"Gesch\u00e4tzte Lesezeit\" \/>\n\t<meta name=\"twitter:data1\" content=\"5\u00a0Minuten\" \/>\n<script type=\"application\/ld+json\" class=\"yoast-schema-graph\">{\"@context\":\"https:\/\/schema.org\",\"@graph\":[{\"@type\":[\"WebPage\",\"FAQPage\"],\"@id\":\"https:\/\/betmines.org\/\",\"url\":\"https:\/\/betmines.org\/\",\"name\":\"BetMines: Free Football Predictions\",\"isPartOf\":{\"@id\":\"https:\/\/betmines.org\/#website\"},\"primaryImageOfPage\":{\"@id\":\"https:\/\/betmines.org\/#primaryimage\"},\"image\":{\"@id\":\"https:\/\/betmines.org\/#primaryimage\"},\"thumbnailUrl\":\"https:\/\/betmines.org\/wp-content\/uploads\/2024\/12\/image.png\",\"datePublished\":\"2024-07-28T18:55:10+00:00\",\"dateModified\":\"2024-12-09T21:31:48+00:00\",\"description\":\"A free sports forecast from BetMines is an opportunity to get an expert opinion on an upcoming football or basketball match. The betting option is usually accompanied by a short overview explaining the reasons for such a decision.\",\"breadcrumb\":{\"@id\":\"https:\/\/betmines.org\/#breadcrumb\"},\"mainEntity\":[{\"@id\":\"https:\/\/betmines.org\/#faq-question-1733779523025\"},{\"@id\":\"https:\/\/betmines.org\/#faq-question-1733779530658\"}],\"inLanguage\":\"de\",\"potentialAction\":[{\"@type\":\"ReadAction\",\"target\":[\"https:\/\/betmines.org\/\"]}]},{\"@type\":\"ImageObject\",\"inLanguage\":\"de\",\"@id\":\"https:\/\/betmines.org\/#primaryimage\",\"url\":\"https:\/\/betmines.org\/wp-content\/uploads\/2024\/12\/image.png\",\"contentUrl\":\"https:\/\/betmines.org\/wp-content\/uploads\/2024\/12\/image.png\",\"width\":370,\"height\":230},{\"@type\":\"BreadcrumbList\",\"@id\":\"https:\/\/betmines.org\/#breadcrumb\",\"itemListElement\":[{\"@type\":\"ListItem\",\"position\":1,\"name\":\"\u0413\u043b\u0430\u0432\u043d\u0430\u044f \u0441\u0442\u0440\u0430\u043d\u0438\u0446\u0430\",\"item\":\"https:\/\/betmines.org\/\"},{\"@type\":\"ListItem\",\"position\":2,\"name\":\"BetMines: Free Football Predictions\"}]},{\"@type\":\"WebSite\",\"@id\":\"https:\/\/betmines.org\/#website\",\"url\":\"https:\/\/betmines.org\/\",\"name\":\"BetMines: Free Football Predictions\",\"description\":\"A free sports forecast from BetMines is an opportunity to get an expert opinion on an upcoming football or basketball match. The betting option is usually accompanied by a short overview explaining the reasons for such a decision.\",\"publisher\":{\"@id\":\"https:\/\/betmines.org\/#organization\"},\"potentialAction\":[{\"@type\":\"SearchAction\",\"target\":{\"@type\":\"EntryPoint\",\"urlTemplate\":\"https:\/\/betmines.org\/?s={search_term_string}\"},\"query-input\":\"required name=search_term_string\"}],\"inLanguage\":\"de\"},{\"@type\":\"Organization\",\"@id\":\"https:\/\/betmines.org\/#organization\",\"name\":\"BetMines: Free Football Predictions\",\"url\":\"https:\/\/betmines.org\/\",\"logo\":{\"@type\":\"ImageObject\",\"inLanguage\":\"de\",\"@id\":\"https:\/\/betmines.org\/#\/schema\/logo\/image\/\",\"url\":\"https:\/\/betmines.org\/wp-content\/uploads\/2024\/12\/videocall.png\",\"contentUrl\":\"https:\/\/betmines.org\/wp-content\/uploads\/2024\/12\/videocall.png\",\"width\":202,\"height\":40,\"caption\":\"BetMines: Free Football Predictions\"},\"image\":{\"@id\":\"https:\/\/betmines.org\/#\/schema\/logo\/image\/\"}},{\"@type\":\"Question\",\"@id\":\"https:\/\/betmines.org\/#faq-question-1733779523025\",\"position\":1,\"url\":\"https:\/\/betmines.org\/#faq-question-1733779523025\",\"name\":\"Who can benefit from our services?\",\"answerCount\":1,\"acceptedAnswer\":{\"@type\":\"Answer\",\"text\":\"The materials published by our forecasters may be useful to everyone who plays at a bookmaker's office. Beginners should read the professional assessment. Experienced bettors also need to know someone else's opinion to compare it with their own.\",\"inLanguage\":\"de\"},\"inLanguage\":\"de\"},{\"@type\":\"Question\",\"@id\":\"https:\/\/betmines.org\/#faq-question-1733779530658\",\"position\":2,\"url\":\"https:\/\/betmines.org\/#faq-question-1733779530658\",\"name\":\"Why can you trust our sports predictions?\",\"answerCount\":1,\"acceptedAnswer\":{\"@type\":\"Answer\",\"text\":\"Individual guessing statistics speaks of the high level of our experts. But it is important to remember that the forecasts offered to those who place bets on sports are not a guide to action. The one who places a bet risks money. What you can be sure of is that the analyst did his job honestly and efficiently.\",\"inLanguage\":\"de\"},\"inLanguage\":\"de\"}]}<\/script>\n<!-- \/ Yoast SEO Premium plugin. -->","yoast_head_json":{"title":"BetMines: Free Football Predictions","description":"A free sports forecast from BetMines is an opportunity to get an expert opinion on an upcoming football or basketball match. The betting option is usually accompanied by a short overview explaining the reasons for such a decision.","robots":{"index":"index","follow":"follow","max-snippet":"max-snippet:-1","max-image-preview":"max-image-preview:large","max-video-preview":"max-video-preview:-1"},"canonical":"https:\/\/betmines.org\/de\/","og_locale":"de_DE","og_type":"article","og_title":"BetMines: Free Football Predictions","og_description":"A free sports forecast from BetMines is an opportunity to get an expert opinion on an upcoming football or basketball match. The betting option is usually accompanied by a short overview explaining the reasons for such a decision.","og_url":"https:\/\/betmines.org\/de\/","og_site_name":"BetMines: Free Football Predictions","article_modified_time":"2024-12-09T21:31:48+00:00","og_image":[{"url":"https:\/\/betmines.org\/wp-content\/uploads\/2024\/12\/image.png"}],"twitter_card":"summary_large_image","twitter_misc":{"Gesch\u00e4tzte Lesezeit":"5\u00a0Minuten"},"schema":{"@context":"https:\/\/schema.org","@graph":[{"@type":["WebPage","FAQPage"],"@id":"https:\/\/betmines.org\/","url":"https:\/\/betmines.org\/","name":"BetMines: Free Football Predictions","isPartOf":{"@id":"https:\/\/betmines.org\/#website"},"primaryImageOfPage":{"@id":"https:\/\/betmines.org\/#primaryimage"},"image":{"@id":"https:\/\/betmines.org\/#primaryimage"},"thumbnailUrl":"https:\/\/betmines.org\/wp-content\/uploads\/2024\/12\/image.png","datePublished":"2024-07-28T18:55:10+00:00","dateModified":"2024-12-09T21:31:48+00:00","description":"A free sports forecast from BetMines is an opportunity to get an expert opinion on an upcoming football or basketball match. The betting option is usually accompanied by a short overview explaining the reasons for such a decision.","breadcrumb":{"@id":"https:\/\/betmines.org\/#breadcrumb"},"mainEntity":[{"@id":"https:\/\/betmines.org\/#faq-question-1733779523025"},{"@id":"https:\/\/betmines.org\/#faq-question-1733779530658"}],"inLanguage":"de","potentialAction":[{"@type":"ReadAction","target":["https:\/\/betmines.org\/"]}]},{"@type":"ImageObject","inLanguage":"de","@id":"https:\/\/betmines.org\/#primaryimage","url":"https:\/\/betmines.org\/wp-content\/uploads\/2024\/12\/image.png","contentUrl":"https:\/\/betmines.org\/wp-content\/uploads\/2024\/12\/image.png","width":370,"height":230},{"@type":"BreadcrumbList","@id":"https:\/\/betmines.org\/#breadcrumb","itemListElement":[{"@type":"ListItem","position":1,"name":"\u0413\u043b\u0430\u0432\u043d\u0430\u044f \u0441\u0442\u0440\u0430\u043d\u0438\u0446\u0430","item":"https:\/\/betmines.org\/"},{"@type":"ListItem","position":2,"name":"BetMines: Free Football Predictions"}]},{"@type":"WebSite","@id":"https:\/\/betmines.org\/#website","url":"https:\/\/betmines.org\/","name":"BetMines: Free Football Predictions","description":"A free sports forecast from BetMines is an opportunity to get an expert opinion on an upcoming football or basketball match. The betting option is usually accompanied by a short overview explaining the reasons for such a decision.","publisher":{"@id":"https:\/\/betmines.org\/#organization"},"potentialAction":[{"@type":"SearchAction","target":{"@type":"EntryPoint","urlTemplate":"https:\/\/betmines.org\/?s={search_term_string}"},"query-input":"required name=search_term_string"}],"inLanguage":"de"},{"@type":"Organization","@id":"https:\/\/betmines.org\/#organization","name":"BetMines: Free Football Predictions","url":"https:\/\/betmines.org\/","logo":{"@type":"ImageObject","inLanguage":"de","@id":"https:\/\/betmines.org\/#\/schema\/logo\/image\/","url":"https:\/\/betmines.org\/wp-content\/uploads\/2024\/12\/videocall.png","contentUrl":"https:\/\/betmines.org\/wp-content\/uploads\/2024\/12\/videocall.png","width":202,"height":40,"caption":"BetMines: Free Football Predictions"},"image":{"@id":"https:\/\/betmines.org\/#\/schema\/logo\/image\/"}},{"@type":"Question","@id":"https:\/\/betmines.org\/#faq-question-1733779523025","position":1,"url":"https:\/\/betmines.org\/#faq-question-1733779523025","name":"Who can benefit from our services?","answerCount":1,"acceptedAnswer":{"@type":"Answer","text":"The materials published by our forecasters may be useful to everyone who plays at a bookmaker's office. Beginners should read the professional assessment. Experienced bettors also need to know someone else's opinion to compare it with their own.","inLanguage":"de"},"inLanguage":"de"},{"@type":"Question","@id":"https:\/\/betmines.org\/#faq-question-1733779530658","position":2,"url":"https:\/\/betmines.org\/#faq-question-1733779530658","name":"Why can you trust our sports predictions?","answerCount":1,"acceptedAnswer":{"@type":"Answer","text":"Individual guessing statistics speaks of the high level of our experts. But it is important to remember that the forecasts offered to those who place bets on sports are not a guide to action. The one who places a bet risks money. What you can be sure of is that the analyst did his job honestly and efficiently.","inLanguage":"de"},"inLanguage":"de"}]}},"_links":{"self":[{"href":"https:\/\/betmines.org\/de\/wp-json\/wp\/v2\/pages\/18","targetHints":{"allow":["GET"]}}],"collection":[{"href":"https:\/\/betmines.org\/de\/wp-json\/wp\/v2\/pages"}],"about":[{"href":"https:\/\/betmines.org\/de\/wp-json\/wp\/v2\/types\/page"}],"author":[{"embeddable":true,"href":"https:\/\/betmines.org\/de\/wp-json\/wp\/v2\/users\/1"}],"replies":[{"embeddable":true,"href":"https:\/\/betmines.org\/de\/wp-json\/wp\/v2\/comments?post=18"}],"version-history":[{"count":12,"href":"https:\/\/betmines.org\/de\/wp-json\/wp\/v2\/pages\/18\/revisions"}],"predecessor-version":[{"id":151,"href":"https:\/\/betmines.org\/de\/wp-json\/wp\/v2\/pages\/18\/revisions\/151"}],"wp:attachment":[{"href":"https:\/\/betmines.org\/de\/wp-json\/wp\/v2\/media?parent=18"}],"curies":[{"name":"wp","href":"https:\/\/api.w.org\/{rel}","templated":true}]}}