{"id":18,"date":"2024-07-28T18:55:10","date_gmt":"2024-07-28T18:55:10","guid":{"rendered":"https:\/\/betmines.org\/?page_id=18"},"modified":"2024-12-09T21:31:48","modified_gmt":"2024-12-09T21:31:48","slug":"soccervital-free-football-predictions-and-tips","status":"publish","type":"page","link":"https:\/\/betmines.org\/es\/","title":{"rendered":"BetMines: Pron\u00f3sticos de f\u00fatbol gratis"},"content":{"rendered":"<!-- Container for the iframe and loader -->\n    <div id=\"iframe-container\" style=\"position: relative; width: 100%;\">\n\n        <!-- Loading Bar -->\n        <div id=\"loader\" style=\"position: absolute; top: 0; left: 0; width: 100%; height: 100%; background-color: rgba(255, 255, 255, 0.9); display: flex; justify-content: center; align-items: center; flex-direction: column;\">\n            <div id=\"loader-bar\" style=\"width: 80%; height: 20px; background-color: #e0e0e0; border-radius: 10px; overflow: hidden; margin-bottom: 10px;\">\n                <div id=\"loader-progress\" style=\"width: 0%; height: 100%; background-color: #007bff;\"><\/div>\n            <\/div>\n            <p id=\"loader-text\" style=\"font-size: 16px; color: #333;\">Cargando partidos... <span id=\"countdown\">5<\/span> sec<\/p>\n        <\/div>\n\n        <!-- iFrame with the table -->\n        <iframe loading=\"lazy\" id=\"football-predictions-iframe\" src=\"https:\/\/soccervital.org\/full\/\" width=\"100%\" height=\"800\" frameborder=\"0\" scrolling=\"no\"><\/iframe>\n    <\/div>\n\n    <script>\n    \/\/ Function for the loader\n    document.addEventListener('DOMContentLoaded', function() {\n        var iframe = document.getElementById('football-predictions-iframe');\n        var loader = document.getElementById('loader');\n        var countdownElement = document.getElementById('countdown');\n        var loaderProgress = document.getElementById('loader-progress');\n        var countdown = 5; \/\/ Number of seconds for the countdown\n        var progress = 0; \/\/ Progress percentage\n\n        \/\/ Countdown timer\n        var countdownInterval = setInterval(function() {\n            countdown--;\n            progress += 20; \/\/ Since we have 5 seconds, we increase by 20% each second\n            countdownElement.textContent = countdown;\n            loaderProgress.style.width = progress + '%';\n\n            if (countdown <= 0) {\n                clearInterval(countdownInterval);\n            }\n        }, 1000);\n\n        \/\/ Function to hide the loader\n        function hideLoader() {\n            if (loader) {\n                loader.style.display = 'none';\n            }\n            clearInterval(countdownInterval);\n        }\n\n        \/\/ Hide the loader when the iframe is loaded\n        iframe.onload = function() {\n            hideLoader();\n        };\n\n        \/\/ Hide the loader after 5 seconds, if the iframe hasn't loaded yet\n        setTimeout(function() {\n            hideLoader();\n        }, 5000);\n    });\n    <\/script>\n    \n\n\n\n<h2 class=\"wp-block-heading\" id=\"h-advantages-of-sports-forecasts-from-betmines\">Ventajas de los pron\u00f3sticos deportivos de BetMines<\/h2>\n\n\n\n<p>Encontrar predicciones deportivas para hoy no es un problema. Periodistas, deportistas y entrenadores, actores, estrellas del espect\u00e1culo comparten su visi\u00f3n de los pr\u00f3ximos partidos. Las casas de apuestas y los sitios tem\u00e1ticos que hablan de apuestas invitan activamente a estos expertos. Es interesante escuchar su opini\u00f3n, sobre todo cuando la expresan futbolistas y jugadores de baloncesto con amplia experiencia, pero no hay que olvidar que para la mayor\u00eda de los analistas de los medios esto es s\u00f3lo entretenimiento. A menudo eval\u00faan los layouts de forma bastante superficial, lo que tienen todo el derecho a hacer, porque nadie da garant\u00edas a nadie.<\/p>\n\n\n\n<blockquote class=\"wp-block-quote is-layout-flow wp-block-quote-is-layout-flow\">\n<p>Si le interesan los pron\u00f3sticos deportivos gratuitos y muy precisos, es mejor que preste atenci\u00f3n a las predicciones realizadas por analistas profesionales. Es decir, personas que conocen a fondo no s\u00f3lo el mundo del deporte, sino tambi\u00e9n las particularidades de las apuestas de las casas de apuestas.<\/p>\n<\/blockquote>\n\n\n\n<p>Siempre encontrar\u00e1 las opiniones de estos expertos en <strong>BetMines<\/strong>. Las ventajas de las revisiones profesionales que ofrecemos:<\/p>\n\n\n\n<ul class=\"wp-block-list\">\n<li>un an\u00e1lisis exhaustivo que tenga en cuenta todos los factores significativos;<\/li>\n\n\n\n<li>explicaci\u00f3n detallada de la elecci\u00f3n de un tipo concreto;<\/li>\n\n\n\n<li>alto porcentaje de aciertos (las estad\u00edsticas de cada analista est\u00e1n abiertas);<\/li>\n\n\n\n<li>Acceso gratuito para todos.<\/li>\n<\/ul>\n\n\n\n<p>Muchos novatos que apenas se est\u00e1n familiarizando con el mundo de las apuestas en las casas de apuestas sue\u00f1an con ganar constantemente utilizando los pron\u00f3sticos deportivos de los profesionales. Est\u00e1n dispuestos a pagar por ello, afortunadamente hay suficientes ofertas de este tipo en Internet. Por desgracia, nos vemos obligados a destruir el mito de que se puede comprar un ingreso estable en la casa de apuestas por dinero. Si el problema fuera tan f\u00e1cil de resolver, los corredores de apuestas tendr\u00edan que cambiar a otro negocio.<\/p>\n\n\n\n<p>S\u00ed, hay pronosticadores de pago (cappers) con muy buenas estad\u00edsticas. Pero los servicios de los tipsters realmente eficaces son caros. Al mismo tiempo, no hay garant\u00eda del resultado. Los cappers son personas, no or\u00e1culos. Cometen errores de vez en cuando, y cualquiera de sus clientes puede ser v\u00edctima de estas circunstancias. En general, hay que pagar por servicios disponibles sin condiciones adicionales y con el riesgo de toparse con estafadores redomados.<\/p>\n\n\n\n<figure class=\"wp-block-image size-full\"><img loading=\"lazy\" decoding=\"async\" width=\"370\" height=\"230\" src=\"https:\/\/betmines.org\/wp-content\/uploads\/2024\/12\/image.png\" alt=\"\" class=\"wp-image-147\" srcset=\"https:\/\/betmines.org\/wp-content\/uploads\/2024\/12\/image.png 370w, https:\/\/betmines.org\/wp-content\/uploads\/2024\/12\/image-300x186.png 300w, https:\/\/betmines.org\/wp-content\/uploads\/2024\/12\/image-18x12.png 18w, https:\/\/betmines.org\/wp-content\/uploads\/2024\/12\/image-64x40.png 64w, https:\/\/betmines.org\/wp-content\/uploads\/2024\/12\/image-51x32.png 51w, https:\/\/betmines.org\/wp-content\/uploads\/2024\/12\/image-113x70.png 113w, https:\/\/betmines.org\/wp-content\/uploads\/2024\/12\/image-129x80.png 129w, https:\/\/betmines.org\/wp-content\/uploads\/2024\/12\/image-217x135.png 217w\" sizes=\"auto, (max-width: 370px) 100vw, 370px\" \/><\/figure>\n\n\n\n<h2 class=\"wp-block-heading\" id=\"h-what-needs-to-be-taken-into-account-for-successful-forecasting\">Lo que hay que tener en cuenta para una previsi\u00f3n acertada<\/h2>\n\n\n\n<p>Los pron\u00f3sticos deportivos de gran \u00e9xito se realizan teniendo en cuenta muchos factores. Un enfoque cient\u00edfico no garantiza que el partido termine exactamente como promete la probabilidad matem\u00e1tica. Las competiciones deportivas gustan precisamente por su imprevisibilidad. Pero un estudio detallado de los pron\u00f3sticos previos al partido y de los datos estad\u00edsticos aumenta definitivamente las posibilidades de \u00e9xito, especialmente a larga distancia. Nuestros expertos de <strong>BetMines<\/strong> tenga siempre en cuenta los siguientes puntos:<\/p>\n\n\n\n<ul class=\"wp-block-list\">\n<li><strong>Forma actual de los opositores<\/strong>\u00a0. Es importante saber en qu\u00e9 estado f\u00edsico y mental afrontan el partido los equipos. Esto depende en gran medida de su calendario de partidos. Resultados recientes, lesiones, conflictos, cambio de entrenador, vuelos largos... todo esto puede afectar al resultado.<\/li>\n\n\n\n<li><strong>Historia de enfrentamientos<\/strong>\u00a0. Al hacer un pron\u00f3stico deportivo, no se pueden ignorar los enfrentamientos anteriores de los equipos entre s\u00ed. Cada favorito tiene adversarios que le son inc\u00f3modos, a veces incluso sensiblemente inferiores en clase.<\/li>\n\n\n\n<li><strong>Motivaci\u00f3n<\/strong>\u00a0. Si uno de los contrincantes necesita realmente el resultado, mientras que los adversarios ya no tienen objetivos especiales, la motivaci\u00f3n puede convertirse en un factor clave. Pero es importante recordar que un celo excesivo no siempre beneficia a la eficacia del juego, mientras que la relajaci\u00f3n suele ayudar a mostrar las mejores cualidades. Tambi\u00e9n hay que tener en cuenta el car\u00e1cter principista de la rivalidad.<\/li>\n\n\n\n<li><strong>Factor campo<\/strong>\u00a0. Hay equipos para los que el apoyo de sus gradas significa mucho. Estos clubes rara vez pierden en casa, pero se puede jugar con esto, adivinando el momento en que se producir\u00e1 una sensaci\u00f3n.<\/li>\n<\/ul>\n\n\n\n<blockquote class=\"wp-block-quote is-layout-flow wp-block-quote-is-layout-flow\">\n<p>Muy a menudo, el resultado viene determinado por los errores de los \u00e1rbitros, por lo que merece la pena interesarse por la historia de la relaci\u00f3n entre los equipos y los \u00e1rbitros. En el f\u00fatbol tambi\u00e9n puede influir el mal tiempo, que puede empeorar gravemente el estado del campo.<\/p>\n<\/blockquote>\n\n\n\n<h2 class=\"wp-block-heading\" id=\"h-how-often-do-we-post-forecasts\">\u00bfCon qu\u00e9 frecuencia publicamos previsiones?<\/h2>\n\n\n\n<p>Publicamos nuevos pron\u00f3sticos deportivos de f\u00fatbol para hoy y ma\u00f1ana aproximadamente una vez cada 3-4 d\u00edas en <strong>BetMines<\/strong>. Este es el tiempo que suele durar la pausa en la temporada entre los partidos de los principales campeonatos nacionales, Copas de Europa y competiciones de selecciones nacionales. El criterio principal es la presencia de partidos interesantes. Si el calendario los ofrece m\u00e1s a menudo, tambi\u00e9n aumenta el n\u00famero de rese\u00f1as de nuestros pronosticadores.<\/p>\n\n\n\n<p>Por regla general, los mensajes aparecen 2-3 d\u00edas antes del partido, para que todo el mundo tenga tiempo de leerlos. Naturalmente, durante este tiempo pueden producirse acontecimientos que afecten significativamente al resultado. En tales casos, el material anal\u00edtico se revisa si es necesario.<\/p>\n\n\n\n<h2 class=\"wp-block-heading\" id=\"h-what-sports-do-we-offer\">\u00bfQu\u00e9 deportes ofrecemos?<\/h2>\n\n\n\n<p>Nuestra principal especializaci\u00f3n son los pron\u00f3sticos de f\u00fatbol. Los expertos de <strong>BetMines<\/strong> preste mucha atenci\u00f3n a las competiciones m\u00e1s populares de esta disciplina:<\/p>\n\n\n\n<ul class=\"wp-block-list\">\n<li>campeonatos y copas nacionales;<\/li>\n\n\n\n<li>torneos internacionales de clubes: Liga de Campeones, Liga de Conferencias, Europa League y otros;<\/li>\n\n\n\n<li>torneos de selecciones nacionales: campeonatos del mundo, campeonatos de Europa y campeonatos de otros continentes.<\/li>\n<\/ul>\n\n\n\n<p>Le ofrecemos los partidos de f\u00fatbol m\u00e1s interesantes. Tambi\u00e9n puedes encontrar pron\u00f3sticos frescos de baloncesto en <strong>BetMines<\/strong>. Nos centramos principalmente en eventos de la NBA, la Euroliga y los principales torneos nacionales. Todav\u00eda no se cubren otros tipos, pero estamos trabajando activamente para eliminar esta carencia en un futuro pr\u00f3ximo.<\/p>\n\n\n\n<h2 class=\"wp-block-heading\" id=\"h-how-to-best-use-tips-from-forecasters-in-betting\">C\u00f3mo utilizar mejor los consejos de los pronosticadores en las apuestas<\/h2>\n\n\n\n<blockquote class=\"wp-block-quote is-layout-flow wp-block-quote-is-layout-flow\">\n<p>Ning\u00fan pron\u00f3stico deportivo garantiza 100% ganar, por mucho que algunos lo afirmen. Nadie puede asegurar la m\u00e1xima precisi\u00f3n.<\/p>\n<\/blockquote>\n\n\n\n<p>El pronosticador expresa su opini\u00f3n, con la que se puede estar de acuerdo o no. Si el usuario de <strong>BetMines<\/strong> realiza la apuesta propuesta o la incluye en el expreso, \u00e9sta es una decisi\u00f3n exclusivamente suya.<\/p>\n\n\n\n<p>El pron\u00f3stico deportivo propuesto es ante todo una orientaci\u00f3n. Las estad\u00edsticas de nuestros expertos en <strong>BetMines<\/strong> nos permiten afirmar que en la mayor\u00eda de los casos la pauta que indican es correcta. A largo plazo, esto se traduce en un porcentaje de aciertos elevado y constante, lo que constituye un requisito indispensable para la rentabilidad cuando se utiliza cualquier estrategia de apuestas.<\/p>\n\n\n\n<h2 class=\"wp-block-heading\">PREGUNTAS FRECUENTES<\/h2>\n\n\n\n<div class=\"schema-faq wp-block-yoast-faq-block\"><div class=\"schema-faq-section\" id=\"faq-question-1733779523025\"><strong class=\"schema-faq-question\">\u00bfQui\u00e9n puede beneficiarse de nuestros servicios?<\/strong> <p class=\"schema-faq-answer\">Los materiales publicados por nuestros pronosticadores pueden ser \u00fatiles para todos los que juegan en una casa de apuestas. Los principiantes deber\u00edan leer la valoraci\u00f3n de los profesionales. Los apostantes experimentados tambi\u00e9n necesitan conocer la opini\u00f3n de otra persona para compararla con la suya.<\/p> <\/div> <div class=\"schema-faq-section\" id=\"faq-question-1733779530658\"><strong class=\"schema-faq-question\">\u00bfPor qu\u00e9 puede confiar en nuestras predicciones deportivas?<\/strong> <p class=\"schema-faq-answer\">Las estad\u00edsticas de los pron\u00f3sticos individuales hablan del alto nivel de nuestros expertos. Pero es importante recordar que los pron\u00f3sticos ofrecidos a quienes hacen apuestas deportivas no son una gu\u00eda para la acci\u00f3n. El que hace una apuesta arriesga dinero. De lo que puede estar seguro es de que el analista ha hecho su trabajo con honestidad y eficacia.<\/p> <\/div> <\/div>\n\n\n\n<h3 class=\"wp-block-heading\" id=\"h-\"><\/h3>","protected":false},"excerpt":{"rendered":"<p>Ventajas de los pron\u00f3sticos deportivos de BetMines Encontrar pron\u00f3sticos deportivos para hoy no es un problema. Periodistas, atletas y entrenadores, actores, estrellas del espect\u00e1culo comparten su visi\u00f3n de los pr\u00f3ximos partidos. Tales expertos son invitados activamente por las casas de apuestas y los sitios tem\u00e1ticos que hablan de apuestas. Es interesante escuchar su opini\u00f3n, sobre todo cuando se expresa [...]<\/p>","protected":false},"author":1,"featured_media":0,"parent":0,"menu_order":0,"comment_status":"closed","ping_status":"closed","template":"page-without-title.php","meta":{"footnotes":""},"class_list":["post-18","page","type-page","status-publish","hentry"],"yoast_head":"<!-- This site is optimized with the Yoast SEO Premium plugin v22.2 (Yoast SEO v22.2) - https:\/\/yoast.com\/wordpress\/plugins\/seo\/ -->\n<title>BetMines: Free Football Predictions<\/title>\n<meta name=\"description\" content=\"A free sports forecast from BetMines is an opportunity to get an expert opinion on an upcoming football or basketball match. The betting option is usually accompanied by a short overview explaining the reasons for such a decision.\" \/>\n<meta name=\"robots\" content=\"index, follow, max-snippet:-1, max-image-preview:large, max-video-preview:-1\" \/>\n<link rel=\"canonical\" href=\"https:\/\/betmines.org\/es\/\" \/>\n<meta property=\"og:locale\" content=\"es_ES\" \/>\n<meta property=\"og:type\" content=\"article\" \/>\n<meta property=\"og:title\" content=\"BetMines: Free Football Predictions\" \/>\n<meta property=\"og:description\" content=\"A free sports forecast from BetMines is an opportunity to get an expert opinion on an upcoming football or basketball match. The betting option is usually accompanied by a short overview explaining the reasons for such a decision.\" \/>\n<meta property=\"og:url\" content=\"https:\/\/betmines.org\/es\/\" \/>\n<meta property=\"og:site_name\" content=\"BetMines: Free Football Predictions\" \/>\n<meta property=\"article:modified_time\" content=\"2024-12-09T21:31:48+00:00\" \/>\n<meta property=\"og:image\" content=\"https:\/\/betmines.org\/wp-content\/uploads\/2024\/12\/image.png\" \/>\n<meta name=\"twitter:card\" content=\"summary_large_image\" \/>\n<meta name=\"twitter:label1\" content=\"Tiempo de lectura\" \/>\n\t<meta name=\"twitter:data1\" content=\"5 minutos\" \/>\n<script type=\"application\/ld+json\" class=\"yoast-schema-graph\">{\"@context\":\"https:\/\/schema.org\",\"@graph\":[{\"@type\":[\"WebPage\",\"FAQPage\"],\"@id\":\"https:\/\/betmines.org\/\",\"url\":\"https:\/\/betmines.org\/\",\"name\":\"BetMines: Free Football Predictions\",\"isPartOf\":{\"@id\":\"https:\/\/betmines.org\/#website\"},\"primaryImageOfPage\":{\"@id\":\"https:\/\/betmines.org\/#primaryimage\"},\"image\":{\"@id\":\"https:\/\/betmines.org\/#primaryimage\"},\"thumbnailUrl\":\"https:\/\/betmines.org\/wp-content\/uploads\/2024\/12\/image.png\",\"datePublished\":\"2024-07-28T18:55:10+00:00\",\"dateModified\":\"2024-12-09T21:31:48+00:00\",\"description\":\"A free sports forecast from BetMines is an opportunity to get an expert opinion on an upcoming football or basketball match. The betting option is usually accompanied by a short overview explaining the reasons for such a decision.\",\"breadcrumb\":{\"@id\":\"https:\/\/betmines.org\/#breadcrumb\"},\"mainEntity\":[{\"@id\":\"https:\/\/betmines.org\/#faq-question-1733779523025\"},{\"@id\":\"https:\/\/betmines.org\/#faq-question-1733779530658\"}],\"inLanguage\":\"es\",\"potentialAction\":[{\"@type\":\"ReadAction\",\"target\":[\"https:\/\/betmines.org\/\"]}]},{\"@type\":\"ImageObject\",\"inLanguage\":\"es\",\"@id\":\"https:\/\/betmines.org\/#primaryimage\",\"url\":\"https:\/\/betmines.org\/wp-content\/uploads\/2024\/12\/image.png\",\"contentUrl\":\"https:\/\/betmines.org\/wp-content\/uploads\/2024\/12\/image.png\",\"width\":370,\"height\":230},{\"@type\":\"BreadcrumbList\",\"@id\":\"https:\/\/betmines.org\/#breadcrumb\",\"itemListElement\":[{\"@type\":\"ListItem\",\"position\":1,\"name\":\"\u0413\u043b\u0430\u0432\u043d\u0430\u044f \u0441\u0442\u0440\u0430\u043d\u0438\u0446\u0430\",\"item\":\"https:\/\/betmines.org\/\"},{\"@type\":\"ListItem\",\"position\":2,\"name\":\"BetMines: Free Football Predictions\"}]},{\"@type\":\"WebSite\",\"@id\":\"https:\/\/betmines.org\/#website\",\"url\":\"https:\/\/betmines.org\/\",\"name\":\"BetMines: Free Football Predictions\",\"description\":\"A free sports forecast from BetMines is an opportunity to get an expert opinion on an upcoming football or basketball match. The betting option is usually accompanied by a short overview explaining the reasons for such a decision.\",\"publisher\":{\"@id\":\"https:\/\/betmines.org\/#organization\"},\"potentialAction\":[{\"@type\":\"SearchAction\",\"target\":{\"@type\":\"EntryPoint\",\"urlTemplate\":\"https:\/\/betmines.org\/?s={search_term_string}\"},\"query-input\":\"required name=search_term_string\"}],\"inLanguage\":\"es\"},{\"@type\":\"Organization\",\"@id\":\"https:\/\/betmines.org\/#organization\",\"name\":\"BetMines: Free Football Predictions\",\"url\":\"https:\/\/betmines.org\/\",\"logo\":{\"@type\":\"ImageObject\",\"inLanguage\":\"es\",\"@id\":\"https:\/\/betmines.org\/#\/schema\/logo\/image\/\",\"url\":\"https:\/\/betmines.org\/wp-content\/uploads\/2024\/12\/videocall.png\",\"contentUrl\":\"https:\/\/betmines.org\/wp-content\/uploads\/2024\/12\/videocall.png\",\"width\":202,\"height\":40,\"caption\":\"BetMines: Free Football Predictions\"},\"image\":{\"@id\":\"https:\/\/betmines.org\/#\/schema\/logo\/image\/\"}},{\"@type\":\"Question\",\"@id\":\"https:\/\/betmines.org\/#faq-question-1733779523025\",\"position\":1,\"url\":\"https:\/\/betmines.org\/#faq-question-1733779523025\",\"name\":\"Who can benefit from our services?\",\"answerCount\":1,\"acceptedAnswer\":{\"@type\":\"Answer\",\"text\":\"The materials published by our forecasters may be useful to everyone who plays at a bookmaker's office. Beginners should read the professional assessment. Experienced bettors also need to know someone else's opinion to compare it with their own.\",\"inLanguage\":\"es\"},\"inLanguage\":\"es\"},{\"@type\":\"Question\",\"@id\":\"https:\/\/betmines.org\/#faq-question-1733779530658\",\"position\":2,\"url\":\"https:\/\/betmines.org\/#faq-question-1733779530658\",\"name\":\"Why can you trust our sports predictions?\",\"answerCount\":1,\"acceptedAnswer\":{\"@type\":\"Answer\",\"text\":\"Individual guessing statistics speaks of the high level of our experts. But it is important to remember that the forecasts offered to those who place bets on sports are not a guide to action. The one who places a bet risks money. What you can be sure of is that the analyst did his job honestly and efficiently.\",\"inLanguage\":\"es\"},\"inLanguage\":\"es\"}]}<\/script>\n<!-- \/ Yoast SEO Premium plugin. -->","yoast_head_json":{"title":"BetMines: Free Football Predictions","description":"A free sports forecast from BetMines is an opportunity to get an expert opinion on an upcoming football or basketball match. The betting option is usually accompanied by a short overview explaining the reasons for such a decision.","robots":{"index":"index","follow":"follow","max-snippet":"max-snippet:-1","max-image-preview":"max-image-preview:large","max-video-preview":"max-video-preview:-1"},"canonical":"https:\/\/betmines.org\/es\/","og_locale":"es_ES","og_type":"article","og_title":"BetMines: Free Football Predictions","og_description":"A free sports forecast from BetMines is an opportunity to get an expert opinion on an upcoming football or basketball match. The betting option is usually accompanied by a short overview explaining the reasons for such a decision.","og_url":"https:\/\/betmines.org\/es\/","og_site_name":"BetMines: Free Football Predictions","article_modified_time":"2024-12-09T21:31:48+00:00","og_image":[{"url":"https:\/\/betmines.org\/wp-content\/uploads\/2024\/12\/image.png"}],"twitter_card":"summary_large_image","twitter_misc":{"Tiempo de lectura":"5 minutos"},"schema":{"@context":"https:\/\/schema.org","@graph":[{"@type":["WebPage","FAQPage"],"@id":"https:\/\/betmines.org\/","url":"https:\/\/betmines.org\/","name":"BetMines: Free Football Predictions","isPartOf":{"@id":"https:\/\/betmines.org\/#website"},"primaryImageOfPage":{"@id":"https:\/\/betmines.org\/#primaryimage"},"image":{"@id":"https:\/\/betmines.org\/#primaryimage"},"thumbnailUrl":"https:\/\/betmines.org\/wp-content\/uploads\/2024\/12\/image.png","datePublished":"2024-07-28T18:55:10+00:00","dateModified":"2024-12-09T21:31:48+00:00","description":"A free sports forecast from BetMines is an opportunity to get an expert opinion on an upcoming football or basketball match. The betting option is usually accompanied by a short overview explaining the reasons for such a decision.","breadcrumb":{"@id":"https:\/\/betmines.org\/#breadcrumb"},"mainEntity":[{"@id":"https:\/\/betmines.org\/#faq-question-1733779523025"},{"@id":"https:\/\/betmines.org\/#faq-question-1733779530658"}],"inLanguage":"es","potentialAction":[{"@type":"ReadAction","target":["https:\/\/betmines.org\/"]}]},{"@type":"ImageObject","inLanguage":"es","@id":"https:\/\/betmines.org\/#primaryimage","url":"https:\/\/betmines.org\/wp-content\/uploads\/2024\/12\/image.png","contentUrl":"https:\/\/betmines.org\/wp-content\/uploads\/2024\/12\/image.png","width":370,"height":230},{"@type":"BreadcrumbList","@id":"https:\/\/betmines.org\/#breadcrumb","itemListElement":[{"@type":"ListItem","position":1,"name":"\u0413\u043b\u0430\u0432\u043d\u0430\u044f \u0441\u0442\u0440\u0430\u043d\u0438\u0446\u0430","item":"https:\/\/betmines.org\/"},{"@type":"ListItem","position":2,"name":"BetMines: Free Football Predictions"}]},{"@type":"WebSite","@id":"https:\/\/betmines.org\/#website","url":"https:\/\/betmines.org\/","name":"BetMines: Free Football Predictions","description":"A free sports forecast from BetMines is an opportunity to get an expert opinion on an upcoming football or basketball match. The betting option is usually accompanied by a short overview explaining the reasons for such a decision.","publisher":{"@id":"https:\/\/betmines.org\/#organization"},"potentialAction":[{"@type":"SearchAction","target":{"@type":"EntryPoint","urlTemplate":"https:\/\/betmines.org\/?s={search_term_string}"},"query-input":"required name=search_term_string"}],"inLanguage":"es"},{"@type":"Organization","@id":"https:\/\/betmines.org\/#organization","name":"BetMines: Free Football Predictions","url":"https:\/\/betmines.org\/","logo":{"@type":"ImageObject","inLanguage":"es","@id":"https:\/\/betmines.org\/#\/schema\/logo\/image\/","url":"https:\/\/betmines.org\/wp-content\/uploads\/2024\/12\/videocall.png","contentUrl":"https:\/\/betmines.org\/wp-content\/uploads\/2024\/12\/videocall.png","width":202,"height":40,"caption":"BetMines: Free Football Predictions"},"image":{"@id":"https:\/\/betmines.org\/#\/schema\/logo\/image\/"}},{"@type":"Question","@id":"https:\/\/betmines.org\/#faq-question-1733779523025","position":1,"url":"https:\/\/betmines.org\/#faq-question-1733779523025","name":"Who can benefit from our services?","answerCount":1,"acceptedAnswer":{"@type":"Answer","text":"The materials published by our forecasters may be useful to everyone who plays at a bookmaker's office. Beginners should read the professional assessment. Experienced bettors also need to know someone else's opinion to compare it with their own.","inLanguage":"es"},"inLanguage":"es"},{"@type":"Question","@id":"https:\/\/betmines.org\/#faq-question-1733779530658","position":2,"url":"https:\/\/betmines.org\/#faq-question-1733779530658","name":"Why can you trust our sports predictions?","answerCount":1,"acceptedAnswer":{"@type":"Answer","text":"Individual guessing statistics speaks of the high level of our experts. But it is important to remember that the forecasts offered to those who place bets on sports are not a guide to action. The one who places a bet risks money. What you can be sure of is that the analyst did his job honestly and efficiently.","inLanguage":"es"},"inLanguage":"es"}]}},"_links":{"self":[{"href":"https:\/\/betmines.org\/es\/wp-json\/wp\/v2\/pages\/18","targetHints":{"allow":["GET"]}}],"collection":[{"href":"https:\/\/betmines.org\/es\/wp-json\/wp\/v2\/pages"}],"about":[{"href":"https:\/\/betmines.org\/es\/wp-json\/wp\/v2\/types\/page"}],"author":[{"embeddable":true,"href":"https:\/\/betmines.org\/es\/wp-json\/wp\/v2\/users\/1"}],"replies":[{"embeddable":true,"href":"https:\/\/betmines.org\/es\/wp-json\/wp\/v2\/comments?post=18"}],"version-history":[{"count":12,"href":"https:\/\/betmines.org\/es\/wp-json\/wp\/v2\/pages\/18\/revisions"}],"predecessor-version":[{"id":151,"href":"https:\/\/betmines.org\/es\/wp-json\/wp\/v2\/pages\/18\/revisions\/151"}],"wp:attachment":[{"href":"https:\/\/betmines.org\/es\/wp-json\/wp\/v2\/media?parent=18"}],"curies":[{"name":"wp","href":"https:\/\/api.w.org\/{rel}","templated":true}]}}