{"id":18,"date":"2024-07-28T18:55:10","date_gmt":"2024-07-28T18:55:10","guid":{"rendered":"https:\/\/betmines.org\/?page_id=18"},"modified":"2024-12-09T21:31:48","modified_gmt":"2024-12-09T21:31:48","slug":"soccervital-free-football-predictions-and-tips","status":"publish","type":"page","link":"https:\/\/betmines.org\/fr\/","title":{"rendered":"BetMines : Pronostics gratuits sur le football"},"content":{"rendered":"<!-- Container for the iframe and loader -->\n    <div id=\"iframe-container\" style=\"position: relative; width: 100%;\">\n\n        <!-- Loading Bar -->\n        <div id=\"loader\" style=\"position: absolute; top: 0; left: 0; width: 100%; height: 100%; background-color: rgba(255, 255, 255, 0.9); display: flex; justify-content: center; align-items: center; flex-direction: column;\">\n            <div id=\"loader-bar\" style=\"width: 80%; height: 20px; background-color: #e0e0e0; border-radius: 10px; overflow: hidden; margin-bottom: 10px;\">\n                <div id=\"loader-progress\" style=\"width: 0%; height: 100%; background-color: #007bff;\"><\/div>\n            <\/div>\n            <p id=\"loader-text\" style=\"font-size: 16px; color: #333;\">Chargement des correspondances... <span id=\"countdown\">5<\/span> sec<\/p>\n        <\/div>\n\n        <!-- iFrame with the table -->\n        <iframe loading=\"lazy\" id=\"football-predictions-iframe\" src=\"https:\/\/soccervital.org\/full\/\" width=\"100%\" height=\"800\" frameborder=\"0\" scrolling=\"no\"><\/iframe>\n    <\/div>\n\n    <script>\n    \/\/ Function for the loader\n    document.addEventListener('DOMContentLoaded', function() {\n        var iframe = document.getElementById('football-predictions-iframe');\n        var loader = document.getElementById('loader');\n        var countdownElement = document.getElementById('countdown');\n        var loaderProgress = document.getElementById('loader-progress');\n        var countdown = 5; \/\/ Number of seconds for the countdown\n        var progress = 0; \/\/ Progress percentage\n\n        \/\/ Countdown timer\n        var countdownInterval = setInterval(function() {\n            countdown--;\n            progress += 20; \/\/ Since we have 5 seconds, we increase by 20% each second\n            countdownElement.textContent = countdown;\n            loaderProgress.style.width = progress + '%';\n\n            if (countdown <= 0) {\n                clearInterval(countdownInterval);\n            }\n        }, 1000);\n\n        \/\/ Function to hide the loader\n        function hideLoader() {\n            if (loader) {\n                loader.style.display = 'none';\n            }\n            clearInterval(countdownInterval);\n        }\n\n        \/\/ Hide the loader when the iframe is loaded\n        iframe.onload = function() {\n            hideLoader();\n        };\n\n        \/\/ Hide the loader after 5 seconds, if the iframe hasn't loaded yet\n        setTimeout(function() {\n            hideLoader();\n        }, 5000);\n    });\n    <\/script>\n    \n\n\n\n<h2 class=\"wp-block-heading\" id=\"h-advantages-of-sports-forecasts-from-betmines\">Avantages des pronostics sportifs de BetMines<\/h2>\n\n\n\n<p>Trouver des pronostics sportifs pour aujourd'hui n'est pas un probl\u00e8me. Des journalistes, des athl\u00e8tes et des entra\u00eeneurs, des acteurs, des vedettes du show-business partagent leur vision des matchs \u00e0 venir. Ces experts sont activement invit\u00e9s par les bookmakers et les sites th\u00e9matiques qui parlent de paris. Leur opinion est int\u00e9ressante \u00e0 \u00e9couter, surtout lorsqu'elle est exprim\u00e9e par des joueurs de football et de basket-ball ayant une grande exp\u00e9rience, mais il ne faut pas oublier que pour la plupart des analystes des m\u00e9dias, il ne s'agit que d'un divertissement. Souvent, ils \u00e9valuent les trac\u00e9s de mani\u00e8re assez superficielle, ce qu'ils ont parfaitement le droit de faire, car personne ne donne de garanties \u00e0 qui que ce soit.<\/p>\n\n\n\n<blockquote class=\"wp-block-quote is-layout-flow wp-block-quote-is-layout-flow\">\n<p>Si vous \u00eates int\u00e9ress\u00e9 par des pr\u00e9visions sportives gratuites et tr\u00e8s pr\u00e9cises, il est pr\u00e9f\u00e9rable de pr\u00eater attention aux pr\u00e9dictions faites par des analystes professionnels. Il s'agit de personnes qui connaissent parfaitement non seulement le monde du sport, mais aussi les sp\u00e9cificit\u00e9s des paris des bookmakers.<\/p>\n<\/blockquote>\n\n\n\n<p>Vous trouverez toujours les avis de ces experts sur <strong>BetMines<\/strong>. Les avantages des \u00e9valuations professionnelles que nous proposons :<\/p>\n\n\n\n<ul class=\"wp-block-list\">\n<li>une analyse compl\u00e8te qui prend en compte tous les facteurs importants ;<\/li>\n\n\n\n<li>une explication d\u00e9taill\u00e9e du choix d'un taux particulier ;<\/li>\n\n\n\n<li>un pourcentage \u00e9lev\u00e9 de devinettes (les statistiques de chaque analyste sont ouvertes) ;<\/li>\n\n\n\n<li>Acc\u00e8s gratuit pour tous.<\/li>\n<\/ul>\n\n\n\n<p>De nombreux n\u00e9ophytes qui d\u00e9couvrent le monde des paris sur les bookmakers r\u00eavent de gagner constamment en utilisant les pronostics sportifs des professionnels. Ils sont pr\u00eats \u00e0 payer pour cela, heureusement il y a suffisamment d'offres de ce type sur Internet. Malheureusement, nous sommes oblig\u00e9s de d\u00e9truire le mythe selon lequel il est possible d'acheter un revenu stable dans le bookmaker pour de l'argent. Si le probl\u00e8me \u00e9tait si facile \u00e0 r\u00e9soudre, les bookmakers devraient se tourner vers d'autres activit\u00e9s.<\/p>\n\n\n\n<p>Oui, il existe des pronostiqueurs r\u00e9mun\u00e9r\u00e9s (cappers) qui disposent de tr\u00e8s bonnes statistiques. Mais les services des pronostiqueurs vraiment efficaces sont co\u00fbteux. En outre, il n'y a aucune garantie de r\u00e9sultat. Les pronostiqueurs sont des personnes, pas des oracles. Ils commettent parfois des erreurs, et n'importe lequel de leurs clients peut en \u00eatre victime. En g\u00e9n\u00e9ral, vous devez payer pour des services qui sont disponibles sans conditions suppl\u00e9mentaires et le risque de tomber sur des escrocs purs et durs.<\/p>\n\n\n\n<figure class=\"wp-block-image size-full\"><img loading=\"lazy\" decoding=\"async\" width=\"370\" height=\"230\" src=\"https:\/\/betmines.org\/wp-content\/uploads\/2024\/12\/image.png\" alt=\"\" class=\"wp-image-147\" srcset=\"https:\/\/betmines.org\/wp-content\/uploads\/2024\/12\/image.png 370w, https:\/\/betmines.org\/wp-content\/uploads\/2024\/12\/image-300x186.png 300w, https:\/\/betmines.org\/wp-content\/uploads\/2024\/12\/image-18x12.png 18w, https:\/\/betmines.org\/wp-content\/uploads\/2024\/12\/image-64x40.png 64w, https:\/\/betmines.org\/wp-content\/uploads\/2024\/12\/image-51x32.png 51w, https:\/\/betmines.org\/wp-content\/uploads\/2024\/12\/image-113x70.png 113w, https:\/\/betmines.org\/wp-content\/uploads\/2024\/12\/image-129x80.png 129w, https:\/\/betmines.org\/wp-content\/uploads\/2024\/12\/image-217x135.png 217w\" sizes=\"auto, (max-width: 370px) 100vw, 370px\" \/><\/figure>\n\n\n\n<h2 class=\"wp-block-heading\" id=\"h-what-needs-to-be-taken-into-account-for-successful-forecasting\">Les \u00e9l\u00e9ments \u00e0 prendre en compte pour une pr\u00e9vision r\u00e9ussie<\/h2>\n\n\n\n<p>Les pronostics sportifs les plus r\u00e9ussis sont \u00e9tablis en tenant compte de nombreux facteurs. Une approche scientifique ne garantit pas que le match se terminera exactement comme les probabilit\u00e9s math\u00e9matiques le promettent. Les comp\u00e9titions sportives sont appr\u00e9ci\u00e9es pr\u00e9cis\u00e9ment pour leur caract\u00e8re impr\u00e9visible. Mais une \u00e9tude d\u00e9taill\u00e9e des sch\u00e9mas d'avant-match et des donn\u00e9es statistiques augmente incontestablement les chances de succ\u00e8s, en particulier sur une longue distance. Nos experts \u00e0 <strong>BetMines<\/strong> toujours tenir compte des points suivants :<\/p>\n\n\n\n<ul class=\"wp-block-list\">\n<li><strong>Forme actuelle des opposants<\/strong>\u00a0. L'\u00e9tat physique et mental dans lequel les \u00e9quipes abordent le match est important. Cela d\u00e9pend en grande partie de leur programme de jeu. Les r\u00e9sultats r\u00e9cents, les blessures, les conflits, le changement d'entra\u00eeneur, un long vol - tout cela peut affecter le r\u00e9sultat.<\/li>\n\n\n\n<li><strong>Historique des confrontations<\/strong>\u00a0. Lors d'un pronostic sportif, vous ne pouvez pas ignorer les rencontres pass\u00e9es entre les \u00e9quipes. Chaque favori a des adversaires qui le g\u00eanent, parfois m\u00eame qui lui sont nettement inf\u00e9rieurs en classe.<\/li>\n\n\n\n<li><strong>Motivation<\/strong>\u00a0. Si l'un des adversaires a vraiment besoin d'un r\u00e9sultat, alors que les autres n'ont plus d'objectifs particuliers, la motivation peut devenir un facteur cl\u00e9. Mais il est important de se rappeler qu'un z\u00e8le excessif n'est pas toujours b\u00e9n\u00e9fique \u00e0 l'efficacit\u00e9 du jeu, alors que la d\u00e9contraction permet souvent de montrer les meilleures qualit\u00e9s. Il faut \u00e9galement tenir compte de la nature des principes de la rivalit\u00e9.<\/li>\n\n\n\n<li><strong>Facteur terrain<\/strong>\u00a0. Il y a des \u00e9quipes pour lesquelles le soutien de leurs tribunes repr\u00e9sente beaucoup. Ces clubs ne perdent que tr\u00e8s rarement \u00e0 domicile, mais vous pouvez jouer sur ce point, en devinant le moment o\u00f9 une sensation se produira.<\/li>\n<\/ul>\n\n\n\n<blockquote class=\"wp-block-quote is-layout-flow wp-block-quote-is-layout-flow\">\n<p>Tr\u00e8s souvent, le r\u00e9sultat est d\u00e9termin\u00e9 par les erreurs des arbitres, il vaut donc la peine de s'int\u00e9resser \u00e0 l'histoire des relations entre les \u00e9quipes et les arbitres. En football, le mauvais temps peut \u00e9galement avoir un impact, ce qui peut s\u00e9rieusement d\u00e9t\u00e9riorer l'\u00e9tat du terrain.<\/p>\n<\/blockquote>\n\n\n\n<h2 class=\"wp-block-heading\" id=\"h-how-often-do-we-post-forecasts\">Quelle est la fr\u00e9quence de publication des pr\u00e9visions ?<\/h2>\n\n\n\n<p>Nous publions de nouvelles pr\u00e9visions sportives pour aujourd'hui et demain environ tous les 3-4 jours sur <strong>BetMines<\/strong>. C'est le temps que dure habituellement la pause dans la saison entre les matches des principaux championnats nationaux, des coupes d'Europe et des comp\u00e9titions des \u00e9quipes nationales. Le crit\u00e8re principal est la pr\u00e9sence de matches int\u00e9ressants. Si le calendrier les propose plus souvent, le nombre de commentaires de nos pr\u00e9visionnistes augmente \u00e9galement.<\/p>\n\n\n\n<p>En r\u00e8gle g\u00e9n\u00e9rale, les messages sont publi\u00e9s 2 \u00e0 3 jours avant le match, afin que tout le monde ait le temps de les lire. Naturellement, au cours de cette p\u00e9riode, des \u00e9v\u00e9nements peuvent se produire et affecter de mani\u00e8re significative le r\u00e9sultat. Dans ce cas, le mat\u00e9riel d'analyse est r\u00e9vis\u00e9 si n\u00e9cessaire.<\/p>\n\n\n\n<h2 class=\"wp-block-heading\" id=\"h-what-sports-do-we-offer\">Quels sont les sports propos\u00e9s ?<\/h2>\n\n\n\n<p>Notre principale sp\u00e9cialisation est les pronostics footballistiques. Les experts de <strong>BetMines<\/strong> suivre de pr\u00e8s les comp\u00e9titions les plus populaires dans cette discipline :<\/p>\n\n\n\n<ul class=\"wp-block-list\">\n<li>les championnats et coupes nationaux ;<\/li>\n\n\n\n<li>les tournois internationaux de clubs - la Ligue des champions, la Ligue des conf\u00e9rences, la Ligue Europa et d'autres ;<\/li>\n\n\n\n<li>les tournois des \u00e9quipes nationales - championnats du monde, championnats d'Europe et championnats sur d'autres continents.<\/li>\n<\/ul>\n\n\n\n<p>Nous vous proposons les matches de football les plus int\u00e9ressants. Vous pouvez \u00e9galement trouver des pr\u00e9visions fra\u00eeches sur le basket-ball sur <strong>BetMines<\/strong>. L'accent est mis sur les \u00e9v\u00e9nements de la NBA, de l'Euroleague et des principaux tournois nationaux. D'autres types d'\u00e9v\u00e9nements ne sont pas encore couverts, mais nous travaillons activement \u00e0 combler cette lacune dans un avenir proche.<\/p>\n\n\n\n<h2 class=\"wp-block-heading\" id=\"h-how-to-best-use-tips-from-forecasters-in-betting\">Comment utiliser au mieux les conseils des pr\u00e9visionnistes dans les paris ?<\/h2>\n\n\n\n<blockquote class=\"wp-block-quote is-layout-flow wp-block-quote-is-layout-flow\">\n<p>Aucun pronostic sportif ne garantit 100% la victoire, quoi qu'en disent certains. Personne ne peut garantir une pr\u00e9cision maximale.<\/p>\n<\/blockquote>\n\n\n\n<p>Le pr\u00e9visionniste exprime son opinion, que l'on peut approuver ou non. Si l'utilisateur de <strong>BetMines<\/strong> fait le pari propos\u00e9 ou l'inclut dans l'express, cette d\u00e9cision lui appartient exclusivement.<\/p>\n\n\n\n<p>Le pronostic sportif propos\u00e9 est avant tout un guide. Les statistiques de nos experts \u00e0 <strong>BetMines<\/strong> nous permettent d'affirmer que, dans la plupart des cas, la ligne directrice qu'ils indiquent est correcte. Sur le long terme, cela signifie un pourcentage \u00e9lev\u00e9 et constant de paris, ce qui est une condition pr\u00e9alable \u00e0 la rentabilit\u00e9 de toute strat\u00e9gie de pari.<\/p>\n\n\n\n<h2 class=\"wp-block-heading\">FAQ<\/h2>\n\n\n\n<div class=\"schema-faq wp-block-yoast-faq-block\"><div class=\"schema-faq-section\" id=\"faq-question-1733779523025\"><strong class=\"schema-faq-question\">Qui peut b\u00e9n\u00e9ficier de nos services ?<\/strong> <p class=\"schema-faq-answer\">Les documents publi\u00e9s par nos pronostiqueurs peuvent \u00eatre utiles \u00e0 tous ceux qui jouent chez un bookmaker. Les d\u00e9butants devraient lire l'\u00e9valuation professionnelle. Les parieurs exp\u00e9riment\u00e9s ont \u00e9galement besoin de conna\u00eetre l'opinion de quelqu'un d'autre pour la comparer \u00e0 la leur.<\/p> <\/div> <div class=\"schema-faq-section\" id=\"faq-question-1733779530658\"><strong class=\"schema-faq-question\">Pourquoi pouvez-vous faire confiance \u00e0 nos pronostics sportifs ?<\/strong> <p class=\"schema-faq-answer\">Les statistiques des pronostics individuels t\u00e9moignent du haut niveau de nos experts. Mais il est important de rappeler que les pronostics propos\u00e9s \u00e0 ceux qui parient sur le sport ne sont pas un guide d'action. Celui qui parie risque de l'argent. Ce dont vous pouvez \u00eatre s\u00fbr, c'est que l'analyste a fait son travail honn\u00eatement et efficacement.<\/p> <\/div> <\/div>\n\n\n\n<h3 class=\"wp-block-heading\" id=\"h-\"><\/h3>","protected":false},"excerpt":{"rendered":"<p>Avantages des pronostics sportifs de BetMines Trouver des pronostics sportifs pour aujourd'hui n'est pas un probl\u00e8me. Les journalistes, les athl\u00e8tes et les entra\u00eeneurs, les acteurs, les stars du show-business partagent leur vision des matchs \u00e0 venir. Ces experts sont activement invit\u00e9s par les bookmakers et les sites th\u00e9matiques qui parlent de paris. Leur opinion est int\u00e9ressante \u00e0 \u00e9couter, surtout lorsqu'elle est exprim\u00e9e [...]<\/p>","protected":false},"author":1,"featured_media":0,"parent":0,"menu_order":0,"comment_status":"closed","ping_status":"closed","template":"page-without-title.php","meta":{"footnotes":""},"class_list":["post-18","page","type-page","status-publish","hentry"],"yoast_head":"<!-- This site is optimized with the Yoast SEO Premium plugin v22.2 (Yoast SEO v22.2) - https:\/\/yoast.com\/wordpress\/plugins\/seo\/ -->\n<title>BetMines: Free Football Predictions<\/title>\n<meta name=\"description\" content=\"A free sports forecast from BetMines is an opportunity to get an expert opinion on an upcoming football or basketball match. The betting option is usually accompanied by a short overview explaining the reasons for such a decision.\" \/>\n<meta name=\"robots\" content=\"index, follow, max-snippet:-1, max-image-preview:large, max-video-preview:-1\" \/>\n<link rel=\"canonical\" href=\"https:\/\/betmines.org\/fr\/\" \/>\n<meta property=\"og:locale\" content=\"fr_FR\" \/>\n<meta property=\"og:type\" content=\"article\" \/>\n<meta property=\"og:title\" content=\"BetMines: Free Football Predictions\" \/>\n<meta property=\"og:description\" content=\"A free sports forecast from BetMines is an opportunity to get an expert opinion on an upcoming football or basketball match. The betting option is usually accompanied by a short overview explaining the reasons for such a decision.\" \/>\n<meta property=\"og:url\" content=\"https:\/\/betmines.org\/fr\/\" \/>\n<meta property=\"og:site_name\" content=\"BetMines: Free Football Predictions\" \/>\n<meta property=\"article:modified_time\" content=\"2024-12-09T21:31:48+00:00\" \/>\n<meta property=\"og:image\" content=\"https:\/\/betmines.org\/wp-content\/uploads\/2024\/12\/image.png\" \/>\n<meta name=\"twitter:card\" content=\"summary_large_image\" \/>\n<meta name=\"twitter:label1\" content=\"Dur\u00e9e de lecture estim\u00e9e\" \/>\n\t<meta name=\"twitter:data1\" content=\"5 minutes\" \/>\n<script type=\"application\/ld+json\" class=\"yoast-schema-graph\">{\"@context\":\"https:\/\/schema.org\",\"@graph\":[{\"@type\":[\"WebPage\",\"FAQPage\"],\"@id\":\"https:\/\/betmines.org\/\",\"url\":\"https:\/\/betmines.org\/\",\"name\":\"BetMines: Free Football Predictions\",\"isPartOf\":{\"@id\":\"https:\/\/betmines.org\/#website\"},\"primaryImageOfPage\":{\"@id\":\"https:\/\/betmines.org\/#primaryimage\"},\"image\":{\"@id\":\"https:\/\/betmines.org\/#primaryimage\"},\"thumbnailUrl\":\"https:\/\/betmines.org\/wp-content\/uploads\/2024\/12\/image.png\",\"datePublished\":\"2024-07-28T18:55:10+00:00\",\"dateModified\":\"2024-12-09T21:31:48+00:00\",\"description\":\"A free sports forecast from BetMines is an opportunity to get an expert opinion on an upcoming football or basketball match. The betting option is usually accompanied by a short overview explaining the reasons for such a decision.\",\"breadcrumb\":{\"@id\":\"https:\/\/betmines.org\/#breadcrumb\"},\"mainEntity\":[{\"@id\":\"https:\/\/betmines.org\/#faq-question-1733779523025\"},{\"@id\":\"https:\/\/betmines.org\/#faq-question-1733779530658\"}],\"inLanguage\":\"fr-FR\",\"potentialAction\":[{\"@type\":\"ReadAction\",\"target\":[\"https:\/\/betmines.org\/\"]}]},{\"@type\":\"ImageObject\",\"inLanguage\":\"fr-FR\",\"@id\":\"https:\/\/betmines.org\/#primaryimage\",\"url\":\"https:\/\/betmines.org\/wp-content\/uploads\/2024\/12\/image.png\",\"contentUrl\":\"https:\/\/betmines.org\/wp-content\/uploads\/2024\/12\/image.png\",\"width\":370,\"height\":230},{\"@type\":\"BreadcrumbList\",\"@id\":\"https:\/\/betmines.org\/#breadcrumb\",\"itemListElement\":[{\"@type\":\"ListItem\",\"position\":1,\"name\":\"\u0413\u043b\u0430\u0432\u043d\u0430\u044f \u0441\u0442\u0440\u0430\u043d\u0438\u0446\u0430\",\"item\":\"https:\/\/betmines.org\/\"},{\"@type\":\"ListItem\",\"position\":2,\"name\":\"BetMines: Free Football Predictions\"}]},{\"@type\":\"WebSite\",\"@id\":\"https:\/\/betmines.org\/#website\",\"url\":\"https:\/\/betmines.org\/\",\"name\":\"BetMines: Free Football Predictions\",\"description\":\"A free sports forecast from BetMines is an opportunity to get an expert opinion on an upcoming football or basketball match. The betting option is usually accompanied by a short overview explaining the reasons for such a decision.\",\"publisher\":{\"@id\":\"https:\/\/betmines.org\/#organization\"},\"potentialAction\":[{\"@type\":\"SearchAction\",\"target\":{\"@type\":\"EntryPoint\",\"urlTemplate\":\"https:\/\/betmines.org\/?s={search_term_string}\"},\"query-input\":\"required name=search_term_string\"}],\"inLanguage\":\"fr-FR\"},{\"@type\":\"Organization\",\"@id\":\"https:\/\/betmines.org\/#organization\",\"name\":\"BetMines: Free Football Predictions\",\"url\":\"https:\/\/betmines.org\/\",\"logo\":{\"@type\":\"ImageObject\",\"inLanguage\":\"fr-FR\",\"@id\":\"https:\/\/betmines.org\/#\/schema\/logo\/image\/\",\"url\":\"https:\/\/betmines.org\/wp-content\/uploads\/2024\/12\/videocall.png\",\"contentUrl\":\"https:\/\/betmines.org\/wp-content\/uploads\/2024\/12\/videocall.png\",\"width\":202,\"height\":40,\"caption\":\"BetMines: Free Football Predictions\"},\"image\":{\"@id\":\"https:\/\/betmines.org\/#\/schema\/logo\/image\/\"}},{\"@type\":\"Question\",\"@id\":\"https:\/\/betmines.org\/#faq-question-1733779523025\",\"position\":1,\"url\":\"https:\/\/betmines.org\/#faq-question-1733779523025\",\"name\":\"Who can benefit from our services?\",\"answerCount\":1,\"acceptedAnswer\":{\"@type\":\"Answer\",\"text\":\"The materials published by our forecasters may be useful to everyone who plays at a bookmaker's office. Beginners should read the professional assessment. Experienced bettors also need to know someone else's opinion to compare it with their own.\",\"inLanguage\":\"fr-FR\"},\"inLanguage\":\"fr-FR\"},{\"@type\":\"Question\",\"@id\":\"https:\/\/betmines.org\/#faq-question-1733779530658\",\"position\":2,\"url\":\"https:\/\/betmines.org\/#faq-question-1733779530658\",\"name\":\"Why can you trust our sports predictions?\",\"answerCount\":1,\"acceptedAnswer\":{\"@type\":\"Answer\",\"text\":\"Individual guessing statistics speaks of the high level of our experts. But it is important to remember that the forecasts offered to those who place bets on sports are not a guide to action. The one who places a bet risks money. What you can be sure of is that the analyst did his job honestly and efficiently.\",\"inLanguage\":\"fr-FR\"},\"inLanguage\":\"fr-FR\"}]}<\/script>\n<!-- \/ Yoast SEO Premium plugin. -->","yoast_head_json":{"title":"BetMines: Free Football Predictions","description":"A free sports forecast from BetMines is an opportunity to get an expert opinion on an upcoming football or basketball match. The betting option is usually accompanied by a short overview explaining the reasons for such a decision.","robots":{"index":"index","follow":"follow","max-snippet":"max-snippet:-1","max-image-preview":"max-image-preview:large","max-video-preview":"max-video-preview:-1"},"canonical":"https:\/\/betmines.org\/fr\/","og_locale":"fr_FR","og_type":"article","og_title":"BetMines: Free Football Predictions","og_description":"A free sports forecast from BetMines is an opportunity to get an expert opinion on an upcoming football or basketball match. The betting option is usually accompanied by a short overview explaining the reasons for such a decision.","og_url":"https:\/\/betmines.org\/fr\/","og_site_name":"BetMines: Free Football Predictions","article_modified_time":"2024-12-09T21:31:48+00:00","og_image":[{"url":"https:\/\/betmines.org\/wp-content\/uploads\/2024\/12\/image.png"}],"twitter_card":"summary_large_image","twitter_misc":{"Dur\u00e9e de lecture estim\u00e9e":"5 minutes"},"schema":{"@context":"https:\/\/schema.org","@graph":[{"@type":["WebPage","FAQPage"],"@id":"https:\/\/betmines.org\/","url":"https:\/\/betmines.org\/","name":"BetMines: Free Football Predictions","isPartOf":{"@id":"https:\/\/betmines.org\/#website"},"primaryImageOfPage":{"@id":"https:\/\/betmines.org\/#primaryimage"},"image":{"@id":"https:\/\/betmines.org\/#primaryimage"},"thumbnailUrl":"https:\/\/betmines.org\/wp-content\/uploads\/2024\/12\/image.png","datePublished":"2024-07-28T18:55:10+00:00","dateModified":"2024-12-09T21:31:48+00:00","description":"A free sports forecast from BetMines is an opportunity to get an expert opinion on an upcoming football or basketball match. The betting option is usually accompanied by a short overview explaining the reasons for such a decision.","breadcrumb":{"@id":"https:\/\/betmines.org\/#breadcrumb"},"mainEntity":[{"@id":"https:\/\/betmines.org\/#faq-question-1733779523025"},{"@id":"https:\/\/betmines.org\/#faq-question-1733779530658"}],"inLanguage":"fr-FR","potentialAction":[{"@type":"ReadAction","target":["https:\/\/betmines.org\/"]}]},{"@type":"ImageObject","inLanguage":"fr-FR","@id":"https:\/\/betmines.org\/#primaryimage","url":"https:\/\/betmines.org\/wp-content\/uploads\/2024\/12\/image.png","contentUrl":"https:\/\/betmines.org\/wp-content\/uploads\/2024\/12\/image.png","width":370,"height":230},{"@type":"BreadcrumbList","@id":"https:\/\/betmines.org\/#breadcrumb","itemListElement":[{"@type":"ListItem","position":1,"name":"\u0413\u043b\u0430\u0432\u043d\u0430\u044f \u0441\u0442\u0440\u0430\u043d\u0438\u0446\u0430","item":"https:\/\/betmines.org\/"},{"@type":"ListItem","position":2,"name":"BetMines: Free Football Predictions"}]},{"@type":"WebSite","@id":"https:\/\/betmines.org\/#website","url":"https:\/\/betmines.org\/","name":"BetMines: Free Football Predictions","description":"A free sports forecast from BetMines is an opportunity to get an expert opinion on an upcoming football or basketball match. The betting option is usually accompanied by a short overview explaining the reasons for such a decision.","publisher":{"@id":"https:\/\/betmines.org\/#organization"},"potentialAction":[{"@type":"SearchAction","target":{"@type":"EntryPoint","urlTemplate":"https:\/\/betmines.org\/?s={search_term_string}"},"query-input":"required name=search_term_string"}],"inLanguage":"fr-FR"},{"@type":"Organization","@id":"https:\/\/betmines.org\/#organization","name":"BetMines: Free Football Predictions","url":"https:\/\/betmines.org\/","logo":{"@type":"ImageObject","inLanguage":"fr-FR","@id":"https:\/\/betmines.org\/#\/schema\/logo\/image\/","url":"https:\/\/betmines.org\/wp-content\/uploads\/2024\/12\/videocall.png","contentUrl":"https:\/\/betmines.org\/wp-content\/uploads\/2024\/12\/videocall.png","width":202,"height":40,"caption":"BetMines: Free Football Predictions"},"image":{"@id":"https:\/\/betmines.org\/#\/schema\/logo\/image\/"}},{"@type":"Question","@id":"https:\/\/betmines.org\/#faq-question-1733779523025","position":1,"url":"https:\/\/betmines.org\/#faq-question-1733779523025","name":"Who can benefit from our services?","answerCount":1,"acceptedAnswer":{"@type":"Answer","text":"The materials published by our forecasters may be useful to everyone who plays at a bookmaker's office. Beginners should read the professional assessment. Experienced bettors also need to know someone else's opinion to compare it with their own.","inLanguage":"fr-FR"},"inLanguage":"fr-FR"},{"@type":"Question","@id":"https:\/\/betmines.org\/#faq-question-1733779530658","position":2,"url":"https:\/\/betmines.org\/#faq-question-1733779530658","name":"Why can you trust our sports predictions?","answerCount":1,"acceptedAnswer":{"@type":"Answer","text":"Individual guessing statistics speaks of the high level of our experts. But it is important to remember that the forecasts offered to those who place bets on sports are not a guide to action. The one who places a bet risks money. What you can be sure of is that the analyst did his job honestly and efficiently.","inLanguage":"fr-FR"},"inLanguage":"fr-FR"}]}},"_links":{"self":[{"href":"https:\/\/betmines.org\/fr\/wp-json\/wp\/v2\/pages\/18","targetHints":{"allow":["GET"]}}],"collection":[{"href":"https:\/\/betmines.org\/fr\/wp-json\/wp\/v2\/pages"}],"about":[{"href":"https:\/\/betmines.org\/fr\/wp-json\/wp\/v2\/types\/page"}],"author":[{"embeddable":true,"href":"https:\/\/betmines.org\/fr\/wp-json\/wp\/v2\/users\/1"}],"replies":[{"embeddable":true,"href":"https:\/\/betmines.org\/fr\/wp-json\/wp\/v2\/comments?post=18"}],"version-history":[{"count":12,"href":"https:\/\/betmines.org\/fr\/wp-json\/wp\/v2\/pages\/18\/revisions"}],"predecessor-version":[{"id":151,"href":"https:\/\/betmines.org\/fr\/wp-json\/wp\/v2\/pages\/18\/revisions\/151"}],"wp:attachment":[{"href":"https:\/\/betmines.org\/fr\/wp-json\/wp\/v2\/media?parent=18"}],"curies":[{"name":"wp","href":"https:\/\/api.w.org\/{rel}","templated":true}]}}