{"id":18,"date":"2024-07-28T18:55:10","date_gmt":"2024-07-28T18:55:10","guid":{"rendered":"https:\/\/betmines.org\/?page_id=18"},"modified":"2024-12-09T21:31:48","modified_gmt":"2024-12-09T21:31:48","slug":"soccervital-free-football-predictions-and-tips","status":"publish","type":"page","link":"https:\/\/betmines.org\/it\/","title":{"rendered":"BetMines: Pronostici calcio gratis"},"content":{"rendered":"<!-- Container for the iframe and loader -->\n    <div id=\"iframe-container\" style=\"position: relative; width: 100%;\">\n\n        <!-- Loading Bar -->\n        <div id=\"loader\" style=\"position: absolute; top: 0; left: 0; width: 100%; height: 100%; background-color: rgba(255, 255, 255, 0.9); display: flex; justify-content: center; align-items: center; flex-direction: column;\">\n            <div id=\"loader-bar\" style=\"width: 80%; height: 20px; background-color: #e0e0e0; border-radius: 10px; overflow: hidden; margin-bottom: 10px;\">\n                <div id=\"loader-progress\" style=\"width: 0%; height: 100%; background-color: #007bff;\"><\/div>\n            <\/div>\n            <p id=\"loader-text\" style=\"font-size: 16px; color: #333;\">Caricamento delle partite... <span id=\"countdown\">5<\/span> sec<\/p>\n        <\/div>\n\n        <!-- iFrame with the table -->\n        <iframe loading=\"lazy\" id=\"football-predictions-iframe\" src=\"https:\/\/soccervital.org\/full\/\" width=\"100%\" height=\"800\" frameborder=\"0\" scrolling=\"no\"><\/iframe>\n    <\/div>\n\n    <script>\n    \/\/ Function for the loader\n    document.addEventListener('DOMContentLoaded', function() {\n        var iframe = document.getElementById('football-predictions-iframe');\n        var loader = document.getElementById('loader');\n        var countdownElement = document.getElementById('countdown');\n        var loaderProgress = document.getElementById('loader-progress');\n        var countdown = 5; \/\/ Number of seconds for the countdown\n        var progress = 0; \/\/ Progress percentage\n\n        \/\/ Countdown timer\n        var countdownInterval = setInterval(function() {\n            countdown--;\n            progress += 20; \/\/ Since we have 5 seconds, we increase by 20% each second\n            countdownElement.textContent = countdown;\n            loaderProgress.style.width = progress + '%';\n\n            if (countdown <= 0) {\n                clearInterval(countdownInterval);\n            }\n        }, 1000);\n\n        \/\/ Function to hide the loader\n        function hideLoader() {\n            if (loader) {\n                loader.style.display = 'none';\n            }\n            clearInterval(countdownInterval);\n        }\n\n        \/\/ Hide the loader when the iframe is loaded\n        iframe.onload = function() {\n            hideLoader();\n        };\n\n        \/\/ Hide the loader after 5 seconds, if the iframe hasn't loaded yet\n        setTimeout(function() {\n            hideLoader();\n        }, 5000);\n    });\n    <\/script>\n    \n\n\n\n<h2 class=\"wp-block-heading\" id=\"h-advantages-of-sports-forecasts-from-betmines\">Vantaggi dei pronostici sportivi di BetMines<\/h2>\n\n\n\n<p>Trovare pronostici sportivi per oggi non \u00e8 un problema. Giornalisti, atleti e allenatori, attori, star dello spettacolo condividono la loro visione delle prossime partite. Tali esperti sono invitati attivamente dai bookmaker e dai siti tematici che parlano di scommesse. La loro opinione \u00e8 interessante da ascoltare, soprattutto quando \u00e8 espressa da giocatori di calcio e basket con una vasta esperienza, ma non dobbiamo dimenticare che per la maggior parte degli analisti dei media si tratta solo di intrattenimento. Spesso valutano i layout in modo piuttosto superficiale, cosa che hanno tutto il diritto di fare, perch\u00e9 nessuno d\u00e0 garanzie a nessuno.<\/p>\n\n\n\n<blockquote class=\"wp-block-quote is-layout-flow wp-block-quote-is-layout-flow\">\n<p>Se siete interessati a previsioni sportive gratuite ed estremamente accurate, \u00e8 meglio prestare attenzione ai pronostici degli analisti professionisti. Vale a dire, persone che conoscono a fondo non solo il mondo dello sport, ma anche le specificit\u00e0 delle scommesse dei bookmaker.<\/p>\n<\/blockquote>\n\n\n\n<p>Troverete sempre le opinioni di questi esperti su <strong>BetMines<\/strong>. I vantaggi delle recensioni professionali che offriamo:<\/p>\n\n\n\n<ul class=\"wp-block-list\">\n<li>un'analisi completa che tenga conto di tutti i fattori significativi;<\/li>\n\n\n\n<li>spiegazione dettagliata della scelta di un determinato tasso;<\/li>\n\n\n\n<li>alta percentuale di ipotesi (le statistiche di ogni analista sono aperte);<\/li>\n\n\n\n<li>Accesso gratuito per tutti.<\/li>\n<\/ul>\n\n\n\n<p>Molti neofiti che si avvicinano al mondo delle scommesse sognano di vincere costantemente utilizzando i pronostici sportivi dei professionisti. Sono pronti a pagare per questo, fortunatamente ci sono abbastanza offerte di questo tipo su Internet. Purtroppo, siamo costretti a distruggere il mito secondo cui \u00e8 possibile acquistare un reddito stabile nel bookmaker in cambio di denaro. Se il problema fosse cos\u00ec facile da risolvere, i bookmaker dovrebbero passare a un'altra attivit\u00e0.<\/p>\n\n\n\n<p>S\u00ec, esistono pronosticatori a pagamento (cappers) con ottime statistiche. Ma i servizi dei tipster veramente efficaci sono costosi. Allo stesso tempo, non c'\u00e8 alcuna garanzia del risultato. I capperi sono persone, non oracoli. Di tanto in tanto commettono degli errori e ogni cliente pu\u00f2 essere vittima di queste circostanze. In generale, \u00e8 necessario pagare per servizi che sono disponibili senza condizioni aggiuntive e con il rischio di imbattersi in veri e propri truffatori.<\/p>\n\n\n\n<figure class=\"wp-block-image size-full\"><img loading=\"lazy\" decoding=\"async\" width=\"370\" height=\"230\" src=\"https:\/\/betmines.org\/wp-content\/uploads\/2024\/12\/image.png\" alt=\"\" class=\"wp-image-147\" srcset=\"https:\/\/betmines.org\/wp-content\/uploads\/2024\/12\/image.png 370w, https:\/\/betmines.org\/wp-content\/uploads\/2024\/12\/image-300x186.png 300w, https:\/\/betmines.org\/wp-content\/uploads\/2024\/12\/image-18x12.png 18w, https:\/\/betmines.org\/wp-content\/uploads\/2024\/12\/image-64x40.png 64w, https:\/\/betmines.org\/wp-content\/uploads\/2024\/12\/image-51x32.png 51w, https:\/\/betmines.org\/wp-content\/uploads\/2024\/12\/image-113x70.png 113w, https:\/\/betmines.org\/wp-content\/uploads\/2024\/12\/image-129x80.png 129w, https:\/\/betmines.org\/wp-content\/uploads\/2024\/12\/image-217x135.png 217w\" sizes=\"auto, (max-width: 370px) 100vw, 370px\" \/><\/figure>\n\n\n\n<h2 class=\"wp-block-heading\" id=\"h-what-needs-to-be-taken-into-account-for-successful-forecasting\">Cosa bisogna tenere in considerazione per una previsione di successo<\/h2>\n\n\n\n<p>I pronostici sportivi di grande successo sono realizzati tenendo conto di molti fattori. Un approccio scientifico non garantisce che la partita finisca esattamente come promette la probabilit\u00e0 matematica. Le competizioni sportive sono amate proprio per la loro imprevedibilit\u00e0. Ma uno studio dettagliato delle disposizioni pre-partita e dei dati statistici aumenta sicuramente le possibilit\u00e0 di successo, soprattutto sulla lunga distanza. I nostri esperti di <strong>BetMines<\/strong> tenere sempre in considerazione i seguenti punti:<\/p>\n\n\n\n<ul class=\"wp-block-list\">\n<li><strong>Forma attuale degli avversari<\/strong>\u00a0. \u00c8 importante lo stato fisico e mentale con cui le squadre affrontano la partita. Questo dipende in gran parte dal calendario delle partite. I risultati recenti, gli infortuni, i conflitti, il cambio di allenatore, il lungo viaggio in aereo: tutto questo pu\u00f2 influenzare il risultato.<\/li>\n\n\n\n<li><strong>Storia degli scontri<\/strong>\u00a0. Quando si fa un pronostico sportivo, non si possono ignorare gli incontri passati delle squadre tra loro. Ogni favorito ha avversari che gli sono scomodi, a volte addirittura nettamente inferiori a lui in quanto a classe.<\/li>\n\n\n\n<li><strong>Motivazione<\/strong>\u00a0. Se uno degli avversari ha davvero bisogno del risultato, mentre gli altri non hanno pi\u00f9 obiettivi particolari, la motivazione pu\u00f2 diventare un fattore chiave. Ma \u00e8 importante ricordare che l'eccesso di zelo non sempre giova all'efficacia del gioco, mentre il rilassamento spesso aiuta a mostrare le qualit\u00e0 migliori. \u00c8 inoltre necessario tenere conto della natura di principio della rivalit\u00e0.<\/li>\n\n\n\n<li><strong>Fattore campo di casa<\/strong>\u00a0. Ci sono squadre per le quali il sostegno delle tribune di casa significa molto. Questi club perdono molto raramente in casa, ma \u00e8 possibile giocare su questo aspetto, indovinando il momento in cui si verificher\u00e0 un evento clamoroso.<\/li>\n<\/ul>\n\n\n\n<blockquote class=\"wp-block-quote is-layout-flow wp-block-quote-is-layout-flow\">\n<p>Molto spesso il risultato \u00e8 determinato dagli errori degli arbitri, quindi vale la pena interessarsi alla storia del rapporto tra le squadre e gli arbitri. Nel calcio pu\u00f2 influire anche il maltempo, che pu\u00f2 peggiorare seriamente le condizioni del campo.<\/p>\n<\/blockquote>\n\n\n\n<h2 class=\"wp-block-heading\" id=\"h-how-often-do-we-post-forecasts\">Con quale frequenza pubblichiamo le previsioni?<\/h2>\n\n\n\n<p>Pubblichiamo nuove previsioni sportive sul calcio per oggi e domani circa una volta ogni 3-4 giorni su <strong>BetMines<\/strong>. Questa \u00e8 la durata della pausa della stagione che di solito intercorre tra le partite dei principali campionati nazionali, delle coppe europee e delle competizioni per squadre nazionali. Il criterio principale \u00e8 la presenza di partite interessanti. Se il calendario le offre pi\u00f9 spesso, aumenta anche il numero di recensioni da parte dei nostri previsori.<\/p>\n\n\n\n<p>Di norma, i messaggi appaiono 2-3 giorni prima della partita, in modo che tutti abbiano il tempo di leggerli. Naturalmente, in questo lasso di tempo possono verificarsi eventi che possono influenzare significativamente il risultato. In questi casi, se necessario, il materiale analitico viene rivisto.<\/p>\n\n\n\n<h2 class=\"wp-block-heading\" id=\"h-what-sports-do-we-offer\">Quali sport offriamo?<\/h2>\n\n\n\n<p>La nostra principale specializzazione sono i pronostici sul calcio. Esperti di <strong>BetMines<\/strong> prestare molta attenzione alle gare pi\u00f9 popolari di questa disciplina:<\/p>\n\n\n\n<ul class=\"wp-block-list\">\n<li>campionati e coppe nazionali;<\/li>\n\n\n\n<li>tornei internazionali per club - Champions League, Conference League, Europa League e altri;<\/li>\n\n\n\n<li>tornei di squadre nazionali - campionati mondiali, campionati europei e campionati in altri continenti.<\/li>\n<\/ul>\n\n\n\n<p>Offriamo le partite di calcio pi\u00f9 interessanti. Potete anche trovare pronostici di basket freschi su <strong>BetMines<\/strong>. L'attenzione principale \u00e8 rivolta agli eventi dell'NBA, dell'Eurolega e dei principali tornei nazionali. Altre tipologie non sono ancora coperte, ma stiamo lavorando attivamente per eliminare questa lacuna nel prossimo futuro.<\/p>\n\n\n\n<h2 class=\"wp-block-heading\" id=\"h-how-to-best-use-tips-from-forecasters-in-betting\">Come utilizzare al meglio i suggerimenti dei previsori nelle scommesse<\/h2>\n\n\n\n<blockquote class=\"wp-block-quote is-layout-flow wp-block-quote-is-layout-flow\">\n<p>Nessuna previsione sportiva garantisce la vincita del 100%, a prescindere da ci\u00f2 che alcuni sostengono. Nessuno pu\u00f2 garantire la massima precisione.<\/p>\n<\/blockquote>\n\n\n\n<p>Il previsore esprime la sua opinione, che pu\u00f2 essere condivisa o meno. Se l'utente di <strong>BetMines<\/strong> fa la scommessa proposta o la include nell'espresso, questa \u00e8 una decisione esclusivamente sua.<\/p>\n\n\n\n<p>Il pronostico sportivo proposto \u00e8 innanzitutto una linea guida. Le statistiche dei nostri esperti di <strong>BetMines<\/strong> ci permettono di affermare che nella maggior parte dei casi la linea guida da loro indicata \u00e8 corretta. A lungo termine, questo significa una percentuale di indovinelli costantemente elevata, che \u00e8 un requisito fondamentale per la redditivit\u00e0 di qualsiasi strategia di scommessa.<\/p>\n\n\n\n<h2 class=\"wp-block-heading\">FAQ<\/h2>\n\n\n\n<div class=\"schema-faq wp-block-yoast-faq-block\"><div class=\"schema-faq-section\" id=\"faq-question-1733779523025\"><strong class=\"schema-faq-question\">Chi pu\u00f2 beneficiare dei nostri servizi?<\/strong> <p class=\"schema-faq-answer\">I materiali pubblicati dai nostri previsori possono essere utili a tutti coloro che giocano presso un bookmaker. I principianti dovrebbero leggere le valutazioni dei professionisti. Anche gli scommettitori pi\u00f9 esperti hanno bisogno di conoscere l'opinione di qualcun altro per confrontarla con la propria.<\/p> <\/div> <div class=\"schema-faq-section\" id=\"faq-question-1733779530658\"><strong class=\"schema-faq-question\">Perch\u00e9 fidarsi dei nostri pronostici sportivi?<\/strong> <p class=\"schema-faq-answer\">Le statistiche dei singoli pronostici parlano dell'alto livello dei nostri esperti. Ma \u00e8 importante ricordare che i pronostici offerti a chi scommette sullo sport non sono una guida all'azione. Chi piazza una scommessa rischia del denaro. Ci\u00f2 di cui si pu\u00f2 essere certi \u00e8 che l'analista ha svolto il suo lavoro in modo onesto ed efficiente.<\/p> <\/div> <\/div>\n\n\n\n<h3 class=\"wp-block-heading\" id=\"h-\"><\/h3>","protected":false},"excerpt":{"rendered":"<p>Vantaggi dei pronostici sportivi di BetMines Trovare i pronostici sportivi per oggi non \u00e8 un problema. Giornalisti, atleti e allenatori, attori, star dello spettacolo condividono la loro visione delle prossime partite. Tali esperti sono attivamente invitati dai bookmaker e dai siti tematici che parlano di scommesse. La loro opinione \u00e8 interessante da ascoltare, soprattutto quando viene espressa [...]<\/p>","protected":false},"author":1,"featured_media":0,"parent":0,"menu_order":0,"comment_status":"closed","ping_status":"closed","template":"page-without-title.php","meta":{"footnotes":""},"class_list":["post-18","page","type-page","status-publish","hentry"],"yoast_head":"<!-- This site is optimized with the Yoast SEO Premium plugin v22.2 (Yoast SEO v22.2) - https:\/\/yoast.com\/wordpress\/plugins\/seo\/ -->\n<title>BetMines: Free Football Predictions<\/title>\n<meta name=\"description\" content=\"A free sports forecast from BetMines is an opportunity to get an expert opinion on an upcoming football or basketball match. The betting option is usually accompanied by a short overview explaining the reasons for such a decision.\" \/>\n<meta name=\"robots\" content=\"index, follow, max-snippet:-1, max-image-preview:large, max-video-preview:-1\" \/>\n<link rel=\"canonical\" href=\"https:\/\/betmines.org\/it\/\" \/>\n<meta property=\"og:locale\" content=\"it_IT\" \/>\n<meta property=\"og:type\" content=\"article\" \/>\n<meta property=\"og:title\" content=\"BetMines: Free Football Predictions\" \/>\n<meta property=\"og:description\" content=\"A free sports forecast from BetMines is an opportunity to get an expert opinion on an upcoming football or basketball match. The betting option is usually accompanied by a short overview explaining the reasons for such a decision.\" \/>\n<meta property=\"og:url\" content=\"https:\/\/betmines.org\/it\/\" \/>\n<meta property=\"og:site_name\" content=\"BetMines: Free Football Predictions\" \/>\n<meta property=\"article:modified_time\" content=\"2024-12-09T21:31:48+00:00\" \/>\n<meta property=\"og:image\" content=\"https:\/\/betmines.org\/wp-content\/uploads\/2024\/12\/image.png\" \/>\n<meta name=\"twitter:card\" content=\"summary_large_image\" \/>\n<meta name=\"twitter:label1\" content=\"Tempo di lettura stimato\" \/>\n\t<meta name=\"twitter:data1\" content=\"5 minuti\" \/>\n<script type=\"application\/ld+json\" class=\"yoast-schema-graph\">{\"@context\":\"https:\/\/schema.org\",\"@graph\":[{\"@type\":[\"WebPage\",\"FAQPage\"],\"@id\":\"https:\/\/betmines.org\/\",\"url\":\"https:\/\/betmines.org\/\",\"name\":\"BetMines: Free Football Predictions\",\"isPartOf\":{\"@id\":\"https:\/\/betmines.org\/#website\"},\"primaryImageOfPage\":{\"@id\":\"https:\/\/betmines.org\/#primaryimage\"},\"image\":{\"@id\":\"https:\/\/betmines.org\/#primaryimage\"},\"thumbnailUrl\":\"https:\/\/betmines.org\/wp-content\/uploads\/2024\/12\/image.png\",\"datePublished\":\"2024-07-28T18:55:10+00:00\",\"dateModified\":\"2024-12-09T21:31:48+00:00\",\"description\":\"A free sports forecast from BetMines is an opportunity to get an expert opinion on an upcoming football or basketball match. The betting option is usually accompanied by a short overview explaining the reasons for such a decision.\",\"breadcrumb\":{\"@id\":\"https:\/\/betmines.org\/#breadcrumb\"},\"mainEntity\":[{\"@id\":\"https:\/\/betmines.org\/#faq-question-1733779523025\"},{\"@id\":\"https:\/\/betmines.org\/#faq-question-1733779530658\"}],\"inLanguage\":\"it-IT\",\"potentialAction\":[{\"@type\":\"ReadAction\",\"target\":[\"https:\/\/betmines.org\/\"]}]},{\"@type\":\"ImageObject\",\"inLanguage\":\"it-IT\",\"@id\":\"https:\/\/betmines.org\/#primaryimage\",\"url\":\"https:\/\/betmines.org\/wp-content\/uploads\/2024\/12\/image.png\",\"contentUrl\":\"https:\/\/betmines.org\/wp-content\/uploads\/2024\/12\/image.png\",\"width\":370,\"height\":230},{\"@type\":\"BreadcrumbList\",\"@id\":\"https:\/\/betmines.org\/#breadcrumb\",\"itemListElement\":[{\"@type\":\"ListItem\",\"position\":1,\"name\":\"\u0413\u043b\u0430\u0432\u043d\u0430\u044f \u0441\u0442\u0440\u0430\u043d\u0438\u0446\u0430\",\"item\":\"https:\/\/betmines.org\/\"},{\"@type\":\"ListItem\",\"position\":2,\"name\":\"BetMines: Free Football Predictions\"}]},{\"@type\":\"WebSite\",\"@id\":\"https:\/\/betmines.org\/#website\",\"url\":\"https:\/\/betmines.org\/\",\"name\":\"BetMines: Free Football Predictions\",\"description\":\"A free sports forecast from BetMines is an opportunity to get an expert opinion on an upcoming football or basketball match. The betting option is usually accompanied by a short overview explaining the reasons for such a decision.\",\"publisher\":{\"@id\":\"https:\/\/betmines.org\/#organization\"},\"potentialAction\":[{\"@type\":\"SearchAction\",\"target\":{\"@type\":\"EntryPoint\",\"urlTemplate\":\"https:\/\/betmines.org\/?s={search_term_string}\"},\"query-input\":\"required name=search_term_string\"}],\"inLanguage\":\"it-IT\"},{\"@type\":\"Organization\",\"@id\":\"https:\/\/betmines.org\/#organization\",\"name\":\"BetMines: Free Football Predictions\",\"url\":\"https:\/\/betmines.org\/\",\"logo\":{\"@type\":\"ImageObject\",\"inLanguage\":\"it-IT\",\"@id\":\"https:\/\/betmines.org\/#\/schema\/logo\/image\/\",\"url\":\"https:\/\/betmines.org\/wp-content\/uploads\/2024\/12\/videocall.png\",\"contentUrl\":\"https:\/\/betmines.org\/wp-content\/uploads\/2024\/12\/videocall.png\",\"width\":202,\"height\":40,\"caption\":\"BetMines: Free Football Predictions\"},\"image\":{\"@id\":\"https:\/\/betmines.org\/#\/schema\/logo\/image\/\"}},{\"@type\":\"Question\",\"@id\":\"https:\/\/betmines.org\/#faq-question-1733779523025\",\"position\":1,\"url\":\"https:\/\/betmines.org\/#faq-question-1733779523025\",\"name\":\"Who can benefit from our services?\",\"answerCount\":1,\"acceptedAnswer\":{\"@type\":\"Answer\",\"text\":\"The materials published by our forecasters may be useful to everyone who plays at a bookmaker's office. Beginners should read the professional assessment. Experienced bettors also need to know someone else's opinion to compare it with their own.\",\"inLanguage\":\"it-IT\"},\"inLanguage\":\"it-IT\"},{\"@type\":\"Question\",\"@id\":\"https:\/\/betmines.org\/#faq-question-1733779530658\",\"position\":2,\"url\":\"https:\/\/betmines.org\/#faq-question-1733779530658\",\"name\":\"Why can you trust our sports predictions?\",\"answerCount\":1,\"acceptedAnswer\":{\"@type\":\"Answer\",\"text\":\"Individual guessing statistics speaks of the high level of our experts. But it is important to remember that the forecasts offered to those who place bets on sports are not a guide to action. The one who places a bet risks money. What you can be sure of is that the analyst did his job honestly and efficiently.\",\"inLanguage\":\"it-IT\"},\"inLanguage\":\"it-IT\"}]}<\/script>\n<!-- \/ Yoast SEO Premium plugin. -->","yoast_head_json":{"title":"BetMines: Free Football Predictions","description":"A free sports forecast from BetMines is an opportunity to get an expert opinion on an upcoming football or basketball match. The betting option is usually accompanied by a short overview explaining the reasons for such a decision.","robots":{"index":"index","follow":"follow","max-snippet":"max-snippet:-1","max-image-preview":"max-image-preview:large","max-video-preview":"max-video-preview:-1"},"canonical":"https:\/\/betmines.org\/it\/","og_locale":"it_IT","og_type":"article","og_title":"BetMines: Free Football Predictions","og_description":"A free sports forecast from BetMines is an opportunity to get an expert opinion on an upcoming football or basketball match. The betting option is usually accompanied by a short overview explaining the reasons for such a decision.","og_url":"https:\/\/betmines.org\/it\/","og_site_name":"BetMines: Free Football Predictions","article_modified_time":"2024-12-09T21:31:48+00:00","og_image":[{"url":"https:\/\/betmines.org\/wp-content\/uploads\/2024\/12\/image.png"}],"twitter_card":"summary_large_image","twitter_misc":{"Tempo di lettura stimato":"5 minuti"},"schema":{"@context":"https:\/\/schema.org","@graph":[{"@type":["WebPage","FAQPage"],"@id":"https:\/\/betmines.org\/","url":"https:\/\/betmines.org\/","name":"BetMines: Free Football Predictions","isPartOf":{"@id":"https:\/\/betmines.org\/#website"},"primaryImageOfPage":{"@id":"https:\/\/betmines.org\/#primaryimage"},"image":{"@id":"https:\/\/betmines.org\/#primaryimage"},"thumbnailUrl":"https:\/\/betmines.org\/wp-content\/uploads\/2024\/12\/image.png","datePublished":"2024-07-28T18:55:10+00:00","dateModified":"2024-12-09T21:31:48+00:00","description":"A free sports forecast from BetMines is an opportunity to get an expert opinion on an upcoming football or basketball match. The betting option is usually accompanied by a short overview explaining the reasons for such a decision.","breadcrumb":{"@id":"https:\/\/betmines.org\/#breadcrumb"},"mainEntity":[{"@id":"https:\/\/betmines.org\/#faq-question-1733779523025"},{"@id":"https:\/\/betmines.org\/#faq-question-1733779530658"}],"inLanguage":"it-IT","potentialAction":[{"@type":"ReadAction","target":["https:\/\/betmines.org\/"]}]},{"@type":"ImageObject","inLanguage":"it-IT","@id":"https:\/\/betmines.org\/#primaryimage","url":"https:\/\/betmines.org\/wp-content\/uploads\/2024\/12\/image.png","contentUrl":"https:\/\/betmines.org\/wp-content\/uploads\/2024\/12\/image.png","width":370,"height":230},{"@type":"BreadcrumbList","@id":"https:\/\/betmines.org\/#breadcrumb","itemListElement":[{"@type":"ListItem","position":1,"name":"\u0413\u043b\u0430\u0432\u043d\u0430\u044f \u0441\u0442\u0440\u0430\u043d\u0438\u0446\u0430","item":"https:\/\/betmines.org\/"},{"@type":"ListItem","position":2,"name":"BetMines: Free Football Predictions"}]},{"@type":"WebSite","@id":"https:\/\/betmines.org\/#website","url":"https:\/\/betmines.org\/","name":"BetMines: Free Football Predictions","description":"A free sports forecast from BetMines is an opportunity to get an expert opinion on an upcoming football or basketball match. The betting option is usually accompanied by a short overview explaining the reasons for such a decision.","publisher":{"@id":"https:\/\/betmines.org\/#organization"},"potentialAction":[{"@type":"SearchAction","target":{"@type":"EntryPoint","urlTemplate":"https:\/\/betmines.org\/?s={search_term_string}"},"query-input":"required name=search_term_string"}],"inLanguage":"it-IT"},{"@type":"Organization","@id":"https:\/\/betmines.org\/#organization","name":"BetMines: Free Football Predictions","url":"https:\/\/betmines.org\/","logo":{"@type":"ImageObject","inLanguage":"it-IT","@id":"https:\/\/betmines.org\/#\/schema\/logo\/image\/","url":"https:\/\/betmines.org\/wp-content\/uploads\/2024\/12\/videocall.png","contentUrl":"https:\/\/betmines.org\/wp-content\/uploads\/2024\/12\/videocall.png","width":202,"height":40,"caption":"BetMines: Free Football Predictions"},"image":{"@id":"https:\/\/betmines.org\/#\/schema\/logo\/image\/"}},{"@type":"Question","@id":"https:\/\/betmines.org\/#faq-question-1733779523025","position":1,"url":"https:\/\/betmines.org\/#faq-question-1733779523025","name":"Who can benefit from our services?","answerCount":1,"acceptedAnswer":{"@type":"Answer","text":"The materials published by our forecasters may be useful to everyone who plays at a bookmaker's office. Beginners should read the professional assessment. Experienced bettors also need to know someone else's opinion to compare it with their own.","inLanguage":"it-IT"},"inLanguage":"it-IT"},{"@type":"Question","@id":"https:\/\/betmines.org\/#faq-question-1733779530658","position":2,"url":"https:\/\/betmines.org\/#faq-question-1733779530658","name":"Why can you trust our sports predictions?","answerCount":1,"acceptedAnswer":{"@type":"Answer","text":"Individual guessing statistics speaks of the high level of our experts. But it is important to remember that the forecasts offered to those who place bets on sports are not a guide to action. The one who places a bet risks money. What you can be sure of is that the analyst did his job honestly and efficiently.","inLanguage":"it-IT"},"inLanguage":"it-IT"}]}},"_links":{"self":[{"href":"https:\/\/betmines.org\/it\/wp-json\/wp\/v2\/pages\/18","targetHints":{"allow":["GET"]}}],"collection":[{"href":"https:\/\/betmines.org\/it\/wp-json\/wp\/v2\/pages"}],"about":[{"href":"https:\/\/betmines.org\/it\/wp-json\/wp\/v2\/types\/page"}],"author":[{"embeddable":true,"href":"https:\/\/betmines.org\/it\/wp-json\/wp\/v2\/users\/1"}],"replies":[{"embeddable":true,"href":"https:\/\/betmines.org\/it\/wp-json\/wp\/v2\/comments?post=18"}],"version-history":[{"count":12,"href":"https:\/\/betmines.org\/it\/wp-json\/wp\/v2\/pages\/18\/revisions"}],"predecessor-version":[{"id":151,"href":"https:\/\/betmines.org\/it\/wp-json\/wp\/v2\/pages\/18\/revisions\/151"}],"wp:attachment":[{"href":"https:\/\/betmines.org\/it\/wp-json\/wp\/v2\/media?parent=18"}],"curies":[{"name":"wp","href":"https:\/\/api.w.org\/{rel}","templated":true}]}}