{"id":18,"date":"2024-07-28T18:55:10","date_gmt":"2024-07-28T18:55:10","guid":{"rendered":"https:\/\/betmines.org\/?page_id=18"},"modified":"2024-12-09T21:31:48","modified_gmt":"2024-12-09T21:31:48","slug":"soccervital-free-football-predictions-and-tips","status":"publish","type":"page","link":"https:\/\/betmines.org\/pt\/","title":{"rendered":"BetMines: Previs\u00f5es de Futebol Gr\u00e1tis"},"content":{"rendered":"<!-- Container for the iframe and loader -->\n    <div id=\"iframe-container\" style=\"position: relative; width: 100%;\">\n\n        <!-- Loading Bar -->\n        <div id=\"loader\" style=\"position: absolute; top: 0; left: 0; width: 100%; height: 100%; background-color: rgba(255, 255, 255, 0.9); display: flex; justify-content: center; align-items: center; flex-direction: column;\">\n            <div id=\"loader-bar\" style=\"width: 80%; height: 20px; background-color: #e0e0e0; border-radius: 10px; overflow: hidden; margin-bottom: 10px;\">\n                <div id=\"loader-progress\" style=\"width: 0%; height: 100%; background-color: #007bff;\"><\/div>\n            <\/div>\n            <p id=\"loader-text\" style=\"font-size: 16px; color: #333;\">Carregando partidas... <span id=\"countdown\">5<\/span> sec<\/p>\n        <\/div>\n\n        <!-- iFrame with the table -->\n        <iframe loading=\"lazy\" id=\"football-predictions-iframe\" src=\"https:\/\/soccervital.org\/full\/\" width=\"100%\" height=\"800\" frameborder=\"0\" scrolling=\"no\"><\/iframe>\n    <\/div>\n\n    <script>\n    \/\/ Function for the loader\n    document.addEventListener('DOMContentLoaded', function() {\n        var iframe = document.getElementById('football-predictions-iframe');\n        var loader = document.getElementById('loader');\n        var countdownElement = document.getElementById('countdown');\n        var loaderProgress = document.getElementById('loader-progress');\n        var countdown = 5; \/\/ Number of seconds for the countdown\n        var progress = 0; \/\/ Progress percentage\n\n        \/\/ Countdown timer\n        var countdownInterval = setInterval(function() {\n            countdown--;\n            progress += 20; \/\/ Since we have 5 seconds, we increase by 20% each second\n            countdownElement.textContent = countdown;\n            loaderProgress.style.width = progress + '%';\n\n            if (countdown <= 0) {\n                clearInterval(countdownInterval);\n            }\n        }, 1000);\n\n        \/\/ Function to hide the loader\n        function hideLoader() {\n            if (loader) {\n                loader.style.display = 'none';\n            }\n            clearInterval(countdownInterval);\n        }\n\n        \/\/ Hide the loader when the iframe is loaded\n        iframe.onload = function() {\n            hideLoader();\n        };\n\n        \/\/ Hide the loader after 5 seconds, if the iframe hasn't loaded yet\n        setTimeout(function() {\n            hideLoader();\n        }, 5000);\n    });\n    <\/script>\n    \n\n\n\n<h2 class=\"wp-block-heading\" id=\"h-advantages-of-sports-forecasts-from-betmines\">Vantagens das previs\u00f5es desportivas do BetMines<\/h2>\n\n\n\n<p>Encontrar previs\u00f5es desportivas para hoje n\u00e3o \u00e9 um problema. Jornalistas, atletas e treinadores, actores, estrelas do mundo do espet\u00e1culo partilham a sua vis\u00e3o dos pr\u00f3ximos jogos. Estes especialistas s\u00e3o ativamente convidados pelas casas de apostas e pelos s\u00edtios tem\u00e1ticos que falam de apostas. A sua opini\u00e3o \u00e9 interessante de ouvir, especialmente quando \u00e9 expressa por jogadores de futebol e de basquetebol com uma vasta experi\u00eancia, mas n\u00e3o podemos esquecer que, para a maioria dos analistas dos meios de comunica\u00e7\u00e3o social, isto \u00e9 apenas entretenimento. Muitas vezes, avaliam os layouts de forma bastante superficial, o que t\u00eam todo o direito de fazer, porque ningu\u00e9m d\u00e1 garantias a ningu\u00e9m.<\/p>\n\n\n\n<blockquote class=\"wp-block-quote is-layout-flow wp-block-quote-is-layout-flow\">\n<p>Se estiver interessado em previs\u00f5es desportivas gratuitas e altamente precisas, \u00e9 melhor prestar aten\u00e7\u00e3o \u00e0s previs\u00f5es feitas por analistas profissionais. Ou seja, pessoas que conhecem bem n\u00e3o s\u00f3 o mundo do desporto, mas tamb\u00e9m as especificidades das apostas das casas de apostas.<\/p>\n<\/blockquote>\n\n\n\n<p>Encontrar\u00e1 sempre as opini\u00f5es de tais especialistas em <strong>BetMines<\/strong>. As vantagens das revis\u00f5es profissionais que oferecemos:<\/p>\n\n\n\n<ul class=\"wp-block-list\">\n<li>uma an\u00e1lise exaustiva que tenha em conta todos os factores significativos;<\/li>\n\n\n\n<li>explica\u00e7\u00e3o pormenorizada da escolha de uma determinada taxa;<\/li>\n\n\n\n<li>elevada percentagem de palpites (as estat\u00edsticas de cada analista est\u00e3o abertas);<\/li>\n\n\n\n<li>Acesso livre para todos.<\/li>\n<\/ul>\n\n\n\n<p>Muitos rec\u00e9m-chegados ao mundo das apostas sonham em ganhar constantemente com as previs\u00f5es desportivas dos profissionais. Est\u00e3o dispostos a pagar por isso e, felizmente, existem muitas ofertas deste g\u00e9nero na Internet. Infelizmente, somos obrigados a destruir o mito de que se pode comprar um rendimento est\u00e1vel na casa de apostas a troco de dinheiro. Se o problema fosse t\u00e3o f\u00e1cil de resolver, as casas de apostas teriam de mudar para outra atividade.<\/p>\n\n\n\n<p>Sim, h\u00e1 corretores de progn\u00f3sticos pagos (cappers) com estat\u00edsticas muito boas. Mas os servi\u00e7os de informadores verdadeiramente eficazes s\u00e3o caros. Ao mesmo tempo, n\u00e3o h\u00e1 qualquer garantia do resultado. Os cappers s\u00e3o pessoas, n\u00e3o s\u00e3o or\u00e1culos. Cometem erros de vez em quando e qualquer um dos seus clientes pode ser v\u00edtima dessas circunst\u00e2ncias. Em geral, tem de pagar por servi\u00e7os que est\u00e3o dispon\u00edveis sem quaisquer condi\u00e7\u00f5es adicionais e com o risco de se deparar com burl\u00f5es.<\/p>\n\n\n\n<figure class=\"wp-block-image size-full\"><img loading=\"lazy\" decoding=\"async\" width=\"370\" height=\"230\" src=\"https:\/\/betmines.org\/wp-content\/uploads\/2024\/12\/image.png\" alt=\"\" class=\"wp-image-147\" srcset=\"https:\/\/betmines.org\/wp-content\/uploads\/2024\/12\/image.png 370w, https:\/\/betmines.org\/wp-content\/uploads\/2024\/12\/image-300x186.png 300w, https:\/\/betmines.org\/wp-content\/uploads\/2024\/12\/image-18x12.png 18w, https:\/\/betmines.org\/wp-content\/uploads\/2024\/12\/image-64x40.png 64w, https:\/\/betmines.org\/wp-content\/uploads\/2024\/12\/image-51x32.png 51w, https:\/\/betmines.org\/wp-content\/uploads\/2024\/12\/image-113x70.png 113w, https:\/\/betmines.org\/wp-content\/uploads\/2024\/12\/image-129x80.png 129w, https:\/\/betmines.org\/wp-content\/uploads\/2024\/12\/image-217x135.png 217w\" sizes=\"auto, (max-width: 370px) 100vw, 370px\" \/><\/figure>\n\n\n\n<h2 class=\"wp-block-heading\" id=\"h-what-needs-to-be-taken-into-account-for-successful-forecasting\">O que deve ser tido em conta para uma previs\u00e3o bem sucedida<\/h2>\n\n\n\n<p>As previs\u00f5es desportivas de grande sucesso s\u00e3o feitas tendo em conta muitos factores. Uma abordagem cient\u00edfica n\u00e3o garante que o jogo termine exatamente como a probabilidade matem\u00e1tica promete. As competi\u00e7\u00f5es desportivas s\u00e3o adoradas precisamente pela sua imprevisibilidade. Mas um estudo detalhado dos esquemas pr\u00e9-jogo e dos dados estat\u00edsticos aumenta definitivamente as hip\u00f3teses de sucesso, especialmente a longa dist\u00e2ncia. Os nossos especialistas da <strong>BetMines<\/strong> ter sempre em conta os seguintes pontos:<\/p>\n\n\n\n<ul class=\"wp-block-list\">\n<li><strong>Forma atual dos advers\u00e1rios<\/strong>\u00a0. \u00c9 importante saber em que estado f\u00edsico e mental as equipas abordam o jogo. Isso depende em grande medida do calend\u00e1rio de jogos. Resultados recentes, les\u00f5es, conflitos, mudan\u00e7a de treinador, voos longos - tudo isto pode afetar o resultado.<\/li>\n\n\n\n<li><strong>Historial de confrontos<\/strong>\u00a0. Ao fazer uma previs\u00e3o desportiva, n\u00e3o se pode ignorar os encontros anteriores das equipas entre si. Cada favorito tem advers\u00e1rios que lhe s\u00e3o inconvenientes, por vezes at\u00e9 significativamente inferiores a ele na classe.<\/li>\n\n\n\n<li><strong>Motiva\u00e7\u00e3o<\/strong>\u00a0. Se um dos advers\u00e1rios precisar realmente do resultado, enquanto os advers\u00e1rios j\u00e1 n\u00e3o t\u00eam objectivos especiais, a motiva\u00e7\u00e3o pode tornar-se um fator-chave. Mas \u00e9 importante lembrar que o zelo excessivo nem sempre beneficia a efic\u00e1cia do jogo, ao passo que a descontra\u00e7\u00e3o ajuda muitas vezes a mostrar as melhores qualidades. \u00c9 igualmente necess\u00e1rio ter em conta o car\u00e1cter de princ\u00edpio da rivalidade.<\/li>\n\n\n\n<li><strong>Fator casa<\/strong>\u00a0. H\u00e1 equipas para as quais o apoio das bancadas em casa \u00e9 muito importante. Estes clubes raramente perdem em casa, mas \u00e9 poss\u00edvel jogar com base neste facto, adivinhando o momento em que a sensa\u00e7\u00e3o vai acontecer.<\/li>\n<\/ul>\n\n\n\n<blockquote class=\"wp-block-quote is-layout-flow wp-block-quote-is-layout-flow\">\n<p>Muitas vezes, o resultado \u00e9 determinado pelos erros dos \u00e1rbitros, pelo que vale a pena interessar-se pela hist\u00f3ria da rela\u00e7\u00e3o entre as equipas e os \u00e1rbitros. No futebol, o mau tempo tamb\u00e9m pode ter impacto, o que pode piorar seriamente o estado do campo.<\/p>\n<\/blockquote>\n\n\n\n<h2 class=\"wp-block-heading\" id=\"h-how-often-do-we-post-forecasts\">Com que frequ\u00eancia publicamos as previs\u00f5es?<\/h2>\n\n\n\n<p>Publicamos novas previs\u00f5es desportivas de futebol para hoje e amanh\u00e3 aproximadamente uma vez a cada 3-4 dias em <strong>BetMines<\/strong>. Este \u00e9 o tempo que dura normalmente a pausa na \u00e9poca entre os jogos dos principais campeonatos nacionais, das Ta\u00e7as dos Campe\u00f5es Europeus e das competi\u00e7\u00f5es de selec\u00e7\u00f5es nacionais. O principal crit\u00e9rio \u00e9 a presen\u00e7a de jogos interessantes. Se o calend\u00e1rio os distribuir com mais frequ\u00eancia, o n\u00famero de coment\u00e1rios dos nossos analistas tamb\u00e9m aumenta.<\/p>\n\n\n\n<p>Regra geral, as mensagens aparecem 2 a 3 dias antes do jogo, para que todos tenham tempo de as ler. Naturalmente, durante este per\u00edodo, podem ocorrer eventos que podem afetar significativamente o resultado. Nesses casos, o material de an\u00e1lise \u00e9 revisto, se necess\u00e1rio.<\/p>\n\n\n\n<h2 class=\"wp-block-heading\" id=\"h-what-sports-do-we-offer\">Quais s\u00e3o os desportos que oferecemos?<\/h2>\n\n\n\n<p>A nossa principal especializa\u00e7\u00e3o s\u00e3o as previs\u00f5es de futebol. Especialistas em <strong>BetMines<\/strong> prestar muita aten\u00e7\u00e3o aos concursos mais populares desta disciplina:<\/p>\n\n\n\n<ul class=\"wp-block-list\">\n<li>campeonatos e ta\u00e7as nacionais;<\/li>\n\n\n\n<li>torneios internacionais de clubes - Liga dos Campe\u00f5es, Liga da Confer\u00eancia, Liga Europa e outros;<\/li>\n\n\n\n<li>torneios de equipas nacionais - campeonatos do mundo, campeonatos europeus e campeonatos noutros continentes.<\/li>\n<\/ul>\n\n\n\n<p>Oferecemos os jogos de futebol mais interessantes. Tamb\u00e9m pode encontrar novas previs\u00f5es de basquetebol em <strong>BetMines<\/strong>. O foco principal s\u00e3o os eventos da NBA, da Euroliga e dos principais torneios nacionais. Ainda n\u00e3o est\u00e3o cobertos outros tipos de eventos, mas estamos a trabalhar ativamente para eliminar esta lacuna num futuro pr\u00f3ximo.<\/p>\n\n\n\n<h2 class=\"wp-block-heading\" id=\"h-how-to-best-use-tips-from-forecasters-in-betting\">Como utilizar melhor as dicas dos analistas nas apostas<\/h2>\n\n\n\n<blockquote class=\"wp-block-quote is-layout-flow wp-block-quote-is-layout-flow\">\n<p>Nenhuma previs\u00e3o desportiva garante uma vit\u00f3ria 100%, independentemente do que algumas pessoas afirmam. Ningu\u00e9m pode garantir a m\u00e1xima exatid\u00e3o.<\/p>\n<\/blockquote>\n\n\n\n<p>O previsor exprime a sua opini\u00e3o, com a qual se pode concordar ou n\u00e3o. Se o utilizador do <strong>BetMines<\/strong> faz a aposta proposta ou a inclui no expresso, a decis\u00e3o \u00e9 exclusivamente sua.<\/p>\n\n\n\n<p>A previs\u00e3o desportiva proposta \u00e9, antes de mais, uma orienta\u00e7\u00e3o. As estat\u00edsticas dos nossos peritos da <strong>BetMines<\/strong> permitem-nos afirmar que, na maioria dos casos, a orienta\u00e7\u00e3o que indicam est\u00e1 correta. A longo prazo, isto significa uma percentagem consistentemente elevada de palpites, o que \u00e9 um pr\u00e9-requisito para a rentabilidade quando se utiliza qualquer estrat\u00e9gia de apostas.<\/p>\n\n\n\n<h2 class=\"wp-block-heading\">FAQ<\/h2>\n\n\n\n<div class=\"schema-faq wp-block-yoast-faq-block\"><div class=\"schema-faq-section\" id=\"faq-question-1733779523025\"><strong class=\"schema-faq-question\">Quem pode beneficiar dos nossos servi\u00e7os?<\/strong> <p class=\"schema-faq-answer\">Os materiais publicados pelos nossos analistas podem ser \u00fateis a todos os que jogam numa casa de apostas. Os principiantes devem ler a avalia\u00e7\u00e3o profissional. Os apostadores experientes tamb\u00e9m precisam de conhecer a opini\u00e3o de outra pessoa para a comparar com a sua.<\/p> <\/div> <div class=\"schema-faq-section\" id=\"faq-question-1733779530658\"><strong class=\"schema-faq-question\">Porque \u00e9 que pode confiar nas nossas previs\u00f5es desportivas?<\/strong> <p class=\"schema-faq-answer\">As estat\u00edsticas de palpites individuais falam do alto n\u00edvel dos nossos especialistas. Mas \u00e9 importante lembrar que as previs\u00f5es oferecidas a quem faz apostas desportivas n\u00e3o s\u00e3o um guia para a a\u00e7\u00e3o. Quem faz uma aposta arrisca dinheiro. O que pode ter a certeza \u00e9 que o analista fez o seu trabalho de forma honesta e eficiente.<\/p> <\/div> <\/div>\n\n\n\n<h3 class=\"wp-block-heading\" id=\"h-\"><\/h3>","protected":false},"excerpt":{"rendered":"<p>Vantagens das previs\u00f5es desportivas do BetMines Encontrar previs\u00f5es desportivas para hoje n\u00e3o \u00e9 um problema. Jornalistas, atletas e treinadores, actores, estrelas do mundo do espet\u00e1culo partilham a sua vis\u00e3o dos pr\u00f3ximos jogos. Estes especialistas s\u00e3o ativamente convidados pelas casas de apostas e pelos sites tem\u00e1ticos que falam de apostas. A sua opini\u00e3o \u00e9 interessante de ouvir, especialmente quando \u00e9 expressa [...]<\/p>","protected":false},"author":1,"featured_media":0,"parent":0,"menu_order":0,"comment_status":"closed","ping_status":"closed","template":"page-without-title.php","meta":{"footnotes":""},"class_list":["post-18","page","type-page","status-publish","hentry"],"yoast_head":"<!-- This site is optimized with the Yoast SEO Premium plugin v22.2 (Yoast SEO v22.2) - https:\/\/yoast.com\/wordpress\/plugins\/seo\/ -->\n<title>BetMines: Free Football Predictions<\/title>\n<meta name=\"description\" content=\"A free sports forecast from BetMines is an opportunity to get an expert opinion on an upcoming football or basketball match. The betting option is usually accompanied by a short overview explaining the reasons for such a decision.\" \/>\n<meta name=\"robots\" content=\"index, follow, max-snippet:-1, max-image-preview:large, max-video-preview:-1\" \/>\n<link rel=\"canonical\" href=\"https:\/\/betmines.org\/pt\/\" \/>\n<meta property=\"og:locale\" content=\"pt_PT\" \/>\n<meta property=\"og:type\" content=\"article\" \/>\n<meta property=\"og:title\" content=\"BetMines: Free Football Predictions\" \/>\n<meta property=\"og:description\" content=\"A free sports forecast from BetMines is an opportunity to get an expert opinion on an upcoming football or basketball match. The betting option is usually accompanied by a short overview explaining the reasons for such a decision.\" \/>\n<meta property=\"og:url\" content=\"https:\/\/betmines.org\/pt\/\" \/>\n<meta property=\"og:site_name\" content=\"BetMines: Free Football Predictions\" \/>\n<meta property=\"article:modified_time\" content=\"2024-12-09T21:31:48+00:00\" \/>\n<meta property=\"og:image\" content=\"https:\/\/betmines.org\/wp-content\/uploads\/2024\/12\/image.png\" \/>\n<meta name=\"twitter:card\" content=\"summary_large_image\" \/>\n<meta name=\"twitter:label1\" content=\"Tempo estimado de leitura\" \/>\n\t<meta name=\"twitter:data1\" content=\"5 minutos\" \/>\n<script type=\"application\/ld+json\" class=\"yoast-schema-graph\">{\"@context\":\"https:\/\/schema.org\",\"@graph\":[{\"@type\":[\"WebPage\",\"FAQPage\"],\"@id\":\"https:\/\/betmines.org\/\",\"url\":\"https:\/\/betmines.org\/\",\"name\":\"BetMines: Free Football Predictions\",\"isPartOf\":{\"@id\":\"https:\/\/betmines.org\/#website\"},\"primaryImageOfPage\":{\"@id\":\"https:\/\/betmines.org\/#primaryimage\"},\"image\":{\"@id\":\"https:\/\/betmines.org\/#primaryimage\"},\"thumbnailUrl\":\"https:\/\/betmines.org\/wp-content\/uploads\/2024\/12\/image.png\",\"datePublished\":\"2024-07-28T18:55:10+00:00\",\"dateModified\":\"2024-12-09T21:31:48+00:00\",\"description\":\"A free sports forecast from BetMines is an opportunity to get an expert opinion on an upcoming football or basketball match. The betting option is usually accompanied by a short overview explaining the reasons for such a decision.\",\"breadcrumb\":{\"@id\":\"https:\/\/betmines.org\/#breadcrumb\"},\"mainEntity\":[{\"@id\":\"https:\/\/betmines.org\/#faq-question-1733779523025\"},{\"@id\":\"https:\/\/betmines.org\/#faq-question-1733779530658\"}],\"inLanguage\":\"pt-PT\",\"potentialAction\":[{\"@type\":\"ReadAction\",\"target\":[\"https:\/\/betmines.org\/\"]}]},{\"@type\":\"ImageObject\",\"inLanguage\":\"pt-PT\",\"@id\":\"https:\/\/betmines.org\/#primaryimage\",\"url\":\"https:\/\/betmines.org\/wp-content\/uploads\/2024\/12\/image.png\",\"contentUrl\":\"https:\/\/betmines.org\/wp-content\/uploads\/2024\/12\/image.png\",\"width\":370,\"height\":230},{\"@type\":\"BreadcrumbList\",\"@id\":\"https:\/\/betmines.org\/#breadcrumb\",\"itemListElement\":[{\"@type\":\"ListItem\",\"position\":1,\"name\":\"\u0413\u043b\u0430\u0432\u043d\u0430\u044f \u0441\u0442\u0440\u0430\u043d\u0438\u0446\u0430\",\"item\":\"https:\/\/betmines.org\/\"},{\"@type\":\"ListItem\",\"position\":2,\"name\":\"BetMines: Free Football Predictions\"}]},{\"@type\":\"WebSite\",\"@id\":\"https:\/\/betmines.org\/#website\",\"url\":\"https:\/\/betmines.org\/\",\"name\":\"BetMines: Free Football Predictions\",\"description\":\"A free sports forecast from BetMines is an opportunity to get an expert opinion on an upcoming football or basketball match. The betting option is usually accompanied by a short overview explaining the reasons for such a decision.\",\"publisher\":{\"@id\":\"https:\/\/betmines.org\/#organization\"},\"potentialAction\":[{\"@type\":\"SearchAction\",\"target\":{\"@type\":\"EntryPoint\",\"urlTemplate\":\"https:\/\/betmines.org\/?s={search_term_string}\"},\"query-input\":\"required name=search_term_string\"}],\"inLanguage\":\"pt-PT\"},{\"@type\":\"Organization\",\"@id\":\"https:\/\/betmines.org\/#organization\",\"name\":\"BetMines: Free Football Predictions\",\"url\":\"https:\/\/betmines.org\/\",\"logo\":{\"@type\":\"ImageObject\",\"inLanguage\":\"pt-PT\",\"@id\":\"https:\/\/betmines.org\/#\/schema\/logo\/image\/\",\"url\":\"https:\/\/betmines.org\/wp-content\/uploads\/2024\/12\/videocall.png\",\"contentUrl\":\"https:\/\/betmines.org\/wp-content\/uploads\/2024\/12\/videocall.png\",\"width\":202,\"height\":40,\"caption\":\"BetMines: Free Football Predictions\"},\"image\":{\"@id\":\"https:\/\/betmines.org\/#\/schema\/logo\/image\/\"}},{\"@type\":\"Question\",\"@id\":\"https:\/\/betmines.org\/#faq-question-1733779523025\",\"position\":1,\"url\":\"https:\/\/betmines.org\/#faq-question-1733779523025\",\"name\":\"Who can benefit from our services?\",\"answerCount\":1,\"acceptedAnswer\":{\"@type\":\"Answer\",\"text\":\"The materials published by our forecasters may be useful to everyone who plays at a bookmaker's office. Beginners should read the professional assessment. Experienced bettors also need to know someone else's opinion to compare it with their own.\",\"inLanguage\":\"pt-PT\"},\"inLanguage\":\"pt-PT\"},{\"@type\":\"Question\",\"@id\":\"https:\/\/betmines.org\/#faq-question-1733779530658\",\"position\":2,\"url\":\"https:\/\/betmines.org\/#faq-question-1733779530658\",\"name\":\"Why can you trust our sports predictions?\",\"answerCount\":1,\"acceptedAnswer\":{\"@type\":\"Answer\",\"text\":\"Individual guessing statistics speaks of the high level of our experts. But it is important to remember that the forecasts offered to those who place bets on sports are not a guide to action. The one who places a bet risks money. What you can be sure of is that the analyst did his job honestly and efficiently.\",\"inLanguage\":\"pt-PT\"},\"inLanguage\":\"pt-PT\"}]}<\/script>\n<!-- \/ Yoast SEO Premium plugin. -->","yoast_head_json":{"title":"BetMines: Free Football Predictions","description":"A free sports forecast from BetMines is an opportunity to get an expert opinion on an upcoming football or basketball match. The betting option is usually accompanied by a short overview explaining the reasons for such a decision.","robots":{"index":"index","follow":"follow","max-snippet":"max-snippet:-1","max-image-preview":"max-image-preview:large","max-video-preview":"max-video-preview:-1"},"canonical":"https:\/\/betmines.org\/pt\/","og_locale":"pt_PT","og_type":"article","og_title":"BetMines: Free Football Predictions","og_description":"A free sports forecast from BetMines is an opportunity to get an expert opinion on an upcoming football or basketball match. The betting option is usually accompanied by a short overview explaining the reasons for such a decision.","og_url":"https:\/\/betmines.org\/pt\/","og_site_name":"BetMines: Free Football Predictions","article_modified_time":"2024-12-09T21:31:48+00:00","og_image":[{"url":"https:\/\/betmines.org\/wp-content\/uploads\/2024\/12\/image.png"}],"twitter_card":"summary_large_image","twitter_misc":{"Tempo estimado de leitura":"5 minutos"},"schema":{"@context":"https:\/\/schema.org","@graph":[{"@type":["WebPage","FAQPage"],"@id":"https:\/\/betmines.org\/","url":"https:\/\/betmines.org\/","name":"BetMines: Free Football Predictions","isPartOf":{"@id":"https:\/\/betmines.org\/#website"},"primaryImageOfPage":{"@id":"https:\/\/betmines.org\/#primaryimage"},"image":{"@id":"https:\/\/betmines.org\/#primaryimage"},"thumbnailUrl":"https:\/\/betmines.org\/wp-content\/uploads\/2024\/12\/image.png","datePublished":"2024-07-28T18:55:10+00:00","dateModified":"2024-12-09T21:31:48+00:00","description":"A free sports forecast from BetMines is an opportunity to get an expert opinion on an upcoming football or basketball match. The betting option is usually accompanied by a short overview explaining the reasons for such a decision.","breadcrumb":{"@id":"https:\/\/betmines.org\/#breadcrumb"},"mainEntity":[{"@id":"https:\/\/betmines.org\/#faq-question-1733779523025"},{"@id":"https:\/\/betmines.org\/#faq-question-1733779530658"}],"inLanguage":"pt-PT","potentialAction":[{"@type":"ReadAction","target":["https:\/\/betmines.org\/"]}]},{"@type":"ImageObject","inLanguage":"pt-PT","@id":"https:\/\/betmines.org\/#primaryimage","url":"https:\/\/betmines.org\/wp-content\/uploads\/2024\/12\/image.png","contentUrl":"https:\/\/betmines.org\/wp-content\/uploads\/2024\/12\/image.png","width":370,"height":230},{"@type":"BreadcrumbList","@id":"https:\/\/betmines.org\/#breadcrumb","itemListElement":[{"@type":"ListItem","position":1,"name":"\u0413\u043b\u0430\u0432\u043d\u0430\u044f \u0441\u0442\u0440\u0430\u043d\u0438\u0446\u0430","item":"https:\/\/betmines.org\/"},{"@type":"ListItem","position":2,"name":"BetMines: Free Football Predictions"}]},{"@type":"WebSite","@id":"https:\/\/betmines.org\/#website","url":"https:\/\/betmines.org\/","name":"BetMines: Free Football Predictions","description":"A free sports forecast from BetMines is an opportunity to get an expert opinion on an upcoming football or basketball match. The betting option is usually accompanied by a short overview explaining the reasons for such a decision.","publisher":{"@id":"https:\/\/betmines.org\/#organization"},"potentialAction":[{"@type":"SearchAction","target":{"@type":"EntryPoint","urlTemplate":"https:\/\/betmines.org\/?s={search_term_string}"},"query-input":"required name=search_term_string"}],"inLanguage":"pt-PT"},{"@type":"Organization","@id":"https:\/\/betmines.org\/#organization","name":"BetMines: Free Football Predictions","url":"https:\/\/betmines.org\/","logo":{"@type":"ImageObject","inLanguage":"pt-PT","@id":"https:\/\/betmines.org\/#\/schema\/logo\/image\/","url":"https:\/\/betmines.org\/wp-content\/uploads\/2024\/12\/videocall.png","contentUrl":"https:\/\/betmines.org\/wp-content\/uploads\/2024\/12\/videocall.png","width":202,"height":40,"caption":"BetMines: Free Football Predictions"},"image":{"@id":"https:\/\/betmines.org\/#\/schema\/logo\/image\/"}},{"@type":"Question","@id":"https:\/\/betmines.org\/#faq-question-1733779523025","position":1,"url":"https:\/\/betmines.org\/#faq-question-1733779523025","name":"Who can benefit from our services?","answerCount":1,"acceptedAnswer":{"@type":"Answer","text":"The materials published by our forecasters may be useful to everyone who plays at a bookmaker's office. Beginners should read the professional assessment. Experienced bettors also need to know someone else's opinion to compare it with their own.","inLanguage":"pt-PT"},"inLanguage":"pt-PT"},{"@type":"Question","@id":"https:\/\/betmines.org\/#faq-question-1733779530658","position":2,"url":"https:\/\/betmines.org\/#faq-question-1733779530658","name":"Why can you trust our sports predictions?","answerCount":1,"acceptedAnswer":{"@type":"Answer","text":"Individual guessing statistics speaks of the high level of our experts. But it is important to remember that the forecasts offered to those who place bets on sports are not a guide to action. The one who places a bet risks money. What you can be sure of is that the analyst did his job honestly and efficiently.","inLanguage":"pt-PT"},"inLanguage":"pt-PT"}]}},"_links":{"self":[{"href":"https:\/\/betmines.org\/pt\/wp-json\/wp\/v2\/pages\/18","targetHints":{"allow":["GET"]}}],"collection":[{"href":"https:\/\/betmines.org\/pt\/wp-json\/wp\/v2\/pages"}],"about":[{"href":"https:\/\/betmines.org\/pt\/wp-json\/wp\/v2\/types\/page"}],"author":[{"embeddable":true,"href":"https:\/\/betmines.org\/pt\/wp-json\/wp\/v2\/users\/1"}],"replies":[{"embeddable":true,"href":"https:\/\/betmines.org\/pt\/wp-json\/wp\/v2\/comments?post=18"}],"version-history":[{"count":12,"href":"https:\/\/betmines.org\/pt\/wp-json\/wp\/v2\/pages\/18\/revisions"}],"predecessor-version":[{"id":151,"href":"https:\/\/betmines.org\/pt\/wp-json\/wp\/v2\/pages\/18\/revisions\/151"}],"wp:attachment":[{"href":"https:\/\/betmines.org\/pt\/wp-json\/wp\/v2\/media?parent=18"}],"curies":[{"name":"wp","href":"https:\/\/api.w.org\/{rel}","templated":true}]}}